{"id":19438,"date":"2026-02-04T14:20:20","date_gmt":"2026-02-04T13:20:20","guid":{"rendered":"https:\/\/brenneroutlet.com\/?page_id=19438"},"modified":"2026-02-04T14:20:52","modified_gmt":"2026-02-04T13:20:52","slug":"informativa-videosorveglianza-visitatori","status":"publish","type":"page","link":"https:\/\/brenneroutlet.com\/it\/informativa-videosorveglianza-visitatori\/","title":{"rendered":"Informativa videosorveglianza visitatori"},"content":{"rendered":"\t\t<div data-elementor-type=\"wp-page\" data-elementor-id=\"19438\" class=\"elementor elementor-19438\" data-elementor-post-type=\"page\">\n\t\t\t\t<div class=\"elementor-element elementor-element-494618e e-flex e-con-boxed e-con e-parent\" data-id=\"494618e\" data-element_type=\"container\" data-settings=\"{&quot;wcf_enable_cursor_hover_effect_text&quot;:&quot;View&quot;,&quot;wcf-animation&quot;:&quot;none&quot;}\">\n\t\t\t\t\t<div class=\"e-con-inner\">\n\t\t<div class=\"elementor-element elementor-element-4ce9f7d e-con-full e-flex e-con e-child\" data-id=\"4ce9f7d\" data-element_type=\"container\" data-settings=\"{&quot;wcf_enable_cursor_hover_effect_text&quot;:&quot;View&quot;,&quot;wcf-animation&quot;:&quot;none&quot;}\">\n\t\t\t\t<div class=\"elementor-element elementor-element-1031e79 wcf-t-animation-none elementor-widget elementor-widget-text-editor\" data-id=\"1031e79\" data-element_type=\"widget\" data-settings=\"{&quot;wcf_text_animation&quot;:&quot;none&quot;,&quot;wcf-animation&quot;:&quot;none&quot;}\" data-widget_type=\"text-editor.default\">\n\t\t\t\t<div class=\"elementor-widget-container\">\n\t\t\t\t\t\t\t\t\t<h1 class=\"p1\"><span class=\"s1\">Informativa videosorveglianza <br \/>visitatori<\/span><\/h1><p>\u00a0<\/p><h3 class=\"p1\"><span class=\"s1\"><b>Informativa ai sensi degli artt. 13 e 14 regolamento europeo 2016\/679 relativa ai propri impianti di videosorveglianza.<\/b><\/span><\/h3><p>\u00a0<\/p><p class=\"p1\"><span class=\"s1\"><b>Outlet Center Brenner Srl, <\/b>(d\u2019ora in avanti anche solo OCB), con sede legale in Via San Valentino 9\/A, I-39041 Brennero (BZ), in qualit\u00e0 di titolare del trattamento dell\u2019impianto di videosorveglianza presente presso il <b>Brenner Outlet<\/b> \u00e8 tenuta ad informare gli interessati, ai sensi degli artt. 13 e 14 regolamento europeo 2016\/679, su quanto segue.<\/span><\/p><p>\u00a0<\/p><p class=\"p1\"><span class=\"s1\"><b>(I). Tipologia e Natura dei dati. <\/b><\/span><\/p><p class=\"p1\"><span class=\"s1\">Mediante i propri impianti di videosorveglianza installati presso <b>Brenner Outlet<\/b>, il titolare tratta dati personali. Le telecamere eseguono attivit\u00e0 di rilevazione e registrazione delle immagini dei visitatori del Brenner Outlet.<\/span><\/p><p>\u00a0<\/p><p class=\"p1\"><span class=\"s1\"><b>(II). Finalit\u00e0 del trattamento. <\/b><\/span><\/p><p class=\"p1\"><span class=\"s1\">L&#8217;impianto di videosorveglianza \u00e8 stato installato esclusivamente per esigenze di tutela del patrimonio aziendale da eventuali tentativi di furto e\/o di accessi di persone non autorizzate che possano compiere atti di carattere criminoso in aree di propria pertinenza, nonch\u00e9 di sicurezza e salvaguardia dello stesso personale che ivi lavora nonch\u00e9 dei visitatori del Brenner Outlet.<\/span><\/p><p>\u00a0<\/p><p class=\"p1\"><span class=\"s1\"><b>(III). Base giuridica. <\/b><\/span><\/p><p class=\"p1\"><span class=\"s1\">Il trattamento dei dati personali effettuato tramite l&#8217;impianto di videosorveglianza \u00e8 effettuato sulla base del <i>legittimo interesse<\/i> del titolare, ai sensi dell&#8217;art. 6, par. 1, lett. f) regolamento europeo 2016\/679, di assicurare la sicurezza e la salvaguardia dell&#8217;incolumit\u00e0 dei clienti e dei dipendenti, nonch\u00e9 di tutela dell&#8217;integrit\u00e0 dei propri beni e\/o prodotti. Tale interesse legittimo \u00e8 stato adeguatamente bilanciato con gli interessi dei soggetti interessati, in quanto il trattamento dei dati personali deve avvenire nei limiti strettamente necessari per il perseguimento di tali finalit\u00e0. Il conferimento dei dati personali \u00e8 obbligatorio per garantire la sicurezza e la tutela degli interessati e del patrimonio di OCB; pertanto, nel caso non venissero conferiti i dati personali richiesti, non sar\u00e0 possibile accedere al Brenner Outlet. L\u2019interessato potr\u00e0 opporsi a detto trattamento con le modalit\u00e0 di cui alla presente informativa. Qualora l&#8217;interessato si opponga a detto trattamento, i dati personali non potranno essere utilizzati per la finalit\u00e0 indicata, a meno che OCB non faccia valere un interesse prevalente o l\u2019esigenza di far valere o difendere un diritto in sede giudiziaria.<\/span><\/p><p>\u00a0<\/p><p class=\"p1\"><span class=\"s1\"><b>(IV). Modalit\u00e0 di trattamento dei dati e destinatari.<\/b><\/span><\/p><p class=\"p1\"><span class=\"s1\">In relazione alle finalit\u00e0 di cui sopra, i dati saranno trattati da OCB in formato elettronico. Il trattamento avverr\u00e0 in modo da garantire la sicurezza logica e fisica e la riservatezza, e potr\u00e0 essere effettuato attraverso strumenti informatici e telematici atti a visualizzare e memorizzare i dati stessi. <\/span><\/p><p class=\"p1\"><span class=\"s1\">Le logiche del trattamento saranno strettamente correlate alle finalit\u00e0 di cui sopra. <\/span><\/p><p class=\"p1\"><span class=\"s1\">In particolare, i dati raccolti saranno rilevati e registrati mediante procedure informatiche, e trattati da personale che \u00e8 stato specificatamente nominato nella qualit\u00e0 di soggetto autorizzato o designato o amministratore di sistema. <\/span><\/p><p class=\"p1\"><span class=\"s1\">Le societ\u00e0 che effettuano attivit\u00e0 di vigilanza o di assistenza dell&#8217;impianto e che eventualmente possono accedere alle registrazioni in caso di eventi criminosi, come anche Promos s.r.l. \u2013 che, in qualit\u00e0 di Responsabile del trattamento dei dati personali, in quanto societ\u00e0 preposta alla gestione del Brenner Outlet, che ha visione delle immagini &#8211; sono state nominate responsabili del trattamento.<\/span><\/p><p>\u00a0<\/p><p class=\"p1\"><span class=\"s1\"><b>(V). Tempi di conservazione.<\/b><\/span><\/p><p class=\"p1\"><span class=\"s1\">Le immagini registrate sono conservate per il tempo strettamente necessario al perseguimento delle finalit\u00e0 indicate per 24 ore ed, in ogni caso, non oltre 72 ore successive alla rilevazione, in caso di chiusura dei locali e\/o dal verificarsi di fatti che la Societ\u00e0 decida di sottoporre all&#8217;Autorit\u00e0 giudiziaria, perch\u00e9 ad esempio si \u00e8 verificato un furto o altri fatti penalmente rilevanti ai danni di beni o persone e\/o per richieste dell\u2019Autorit\u00e0 di Pubblica Sicurezza o dell\u2019Autorit\u00e0 giudiziaria. <\/span><\/p><p class=\"p1\"><span class=\"s1\">In presenza di illeciti, le immagini saranno scaricate su apposito supporto informatico e fornite alle Autorit\u00e0 predette. <\/span><\/p><p class=\"p1\"><span class=\"s1\">Scaduto il termine di conservazione di cui sopra, le immagini registrate verranno automaticamente cancellate. Le registrazioni sono elaborate mediante una procedura software dedicata. I dati non saranno indicizzati e non saranno abbinati ad altri, n\u00e9 il sistema sar\u00e0 interconnesso con le forze dell\u2019ordine. <\/span><\/p><p class=\"p1\"><span class=\"s1\">Allo stato non \u00e8 prevista l\u2019adozione di interventi automatici per effetto di meccanismi o sistemi automatizzati d\u2019allarme. Le immagini non saranno duplicate, se non in caso di presentazione di denuncia alle competenti Autorit\u00e0. Eccettuato quanto specificato sopra, i dati non saranno comunicato a terzi o diffusi.<\/span><\/p><p>\u00a0<\/p><p class=\"p1\"><span class=\"s1\"><b>(VI). Comunicazione dei dati e Trasferimento dei dati personali all&#8217;estero.<\/b><\/span><\/p><p class=\"p1\"><span class=\"s1\">Potranno venire a conoscenza dei dati personali dell&#8217;interessato gli incaricati del trattamento e i soggetti designati OCB al trattamento dei dati personali. Ferme restando l\u2019eventuale comunicazione dei dati effettuata in esecuzione di obblighi di legge nei termini sopra richiamati, i dati personali potranno essere comunicati a soggetti esterni per finalit\u00e0 di sicurezza e tutela delle persone e del patrimonio aziendale (servizio di vigilanza, societ\u00e0 che agiscono in qualit\u00e0 di responsabili del trattamento nella fornitura dei rilevanti servizi di videosorveglianza). I dati oggetto del trattamento risiedono in server ubicati nel territorio italiano. In ogni caso, nella eventualit\u00e0 di un loro trasferimento fuori dalla Unione Europea, perch\u00e9 ivi fossero allocati i server di alcuni fornitori di servizi, il titolare adotter\u00e0 tutte le garanzie adeguate prescritte dal regolamento europeo 2016\/679 in funzione di protezione dei dati personali degli interessati.<\/span><\/p><p>\u00a0<\/p><p class=\"p1\"><span class=\"s1\"><b>(VII). Diritto d&#8217;accesso e altri diritti.<\/b><\/span><\/p><p class=\"p1\"><span class=\"s1\">Gli articoli da 15 a 22, regolamento europeo 2016\/679 conferiscono agli interessati l\u2019esercizio di specifici diritti. L&#8217;art. 15, regolamento europeo 2016\/679 riconosce agli interessati il diritto di accedere ai propri dati personali e di ottenerne copia. Il diritto di ottenere copia dei dati non deve ledere i diritti e le libert\u00e0 altrui.<span class=\"Apple-converted-space\">\u00a0 <\/span>Con la domanda d&#8217;accesso, l&#8217;interessato ha diritto di ottenere dal titolare la conferma o meno se sia in corso un trattamento sui propri dati personali e di conoscere le finalit\u00e0 e le categorie di dati trattati, se i dati sono comunicati a soggetti terzi o trasferiti in un paese extracomunitario con garanzie adeguate. L&#8217;interessato ha, altres\u00ec, diritto di conoscere il tempo di conservazione dei propri dati personali. <\/span><\/p><p class=\"p1\"><span class=\"s1\">Rispetto ai propri dati personali, l&#8217;interessato ha il diritto di chiedere la cancellazione (diritto all&#8217;oblio), alle condizioni indicate dall&#8217;art. 17, regolamento europeo 2016\/679 e la limitazione del trattamento. <\/span><\/p><p class=\"p1\"><span class=\"s1\">I diritti di cui sopra sono esercitabili compatibilmente con il breve termine di conservazione dei dati raccolti con l&#8217;impianto di videosorveglianza.<\/span><\/p><p class=\"p1\"><span class=\"s1\">I diritti potranno essere esercitati mediante e-mail indirizzata al seguente indirizzo <a href=\"mailto:privacy@outletcenterbrenner.com\"><span class=\"s2\">privacy@outletcenterbrenner.com<\/span><\/a>, oppure mediante posta ordinaria all&#8217;indirizzo della sede legale della Societ\u00e0 sopraindicata. Il Titolare potrebbe avere bisogno di identificare l&#8217;interessato mediante richiesta di fornire copia del proprio documento d&#8217;identit\u00e0.<\/span><\/p><p>\u00a0<\/p><p class=\"p1\"><span class=\"s1\"><b>(VIII). Reclamo ad un&#8217;autorit\u00e0 di controllo.<\/b><\/span><\/p><p class=\"p1\"><span class=\"s1\">L&#8217;interessato che ritenga che il trattamento dei propri dati personali violi le disposizioni del regolamento europeo 2016\/679 ha diritto di proporre reclamo alla autorit\u00e0 di controllo dello Stato in cui risiede o lavora o nel quale si \u00e8 verificata la violazione, ai sensi dell&#8217;art. 77, regolamento europeo 2016\/679. <\/span><\/p><p class=\"p1\"><span class=\"s1\">Se l&#8217;interessato risiede o lavora o la violazione di \u00e8 verificata nel territorio dello stato italiano, il reclamo va proposto alla Autorit\u00e0 Garante per la Protezione dei Dati Personali con sede in Roma.<\/span><\/p>\t\t\t\t\t\t\t\t<\/div>\n\t\t\t\t<\/div>\n\t\t\t\t<\/div>\n\t\t<div class=\"elementor-element elementor-element-3e3ec4b e-con-full e-flex e-con e-child\" data-id=\"3e3ec4b\" data-element_type=\"container\" data-settings=\"{&quot;wcf_enable_cursor_hover_effect_text&quot;:&quot;View&quot;,&quot;wcf-animation&quot;:&quot;none&quot;}\">\n\t\t\t\t<\/div>\n\t\t\t\t\t<\/div>\n\t\t\t\t<\/div>\n\t\t\t\t<\/div>\n\t\t","protected":false},"excerpt":{"rendered":"<p>Informativa videosorveglianza visitatori \u00a0 Informativa ai sensi degli artt. 13 e 14 regolamento europeo 2016\/679 relativa ai propri impianti di videosorveglianza. \u00a0 Outlet Center Brenner Srl, (d\u2019ora in avanti anche solo OCB), con sede legale in Via San Valentino 9\/A, I-39041 Brennero (BZ), in qualit\u00e0 di titolare del trattamento dell\u2019impianto di videosorveglianza presente presso il [&hellip;]<\/p>\n","protected":false},"author":2,"featured_media":0,"parent":0,"menu_order":0,"comment_status":"closed","ping_status":"closed","template":"","meta":{"_acf_changed":false,"footnotes":""},"class_list":["post-19438","page","type-page","status-publish","hentry"],"acf":[],"publishpress_future_action":{"enabled":false,"date":"2026-05-14 14:54:38","action":"change-status","newStatus":"draft","terms":[],"taxonomy":"translation_priority"},"publishpress_future_workflow_manual_trigger":{"enabledWorkflows":[]},"_links":{"self":[{"href":"https:\/\/brenneroutlet.com\/it\/wp-json\/wp\/v2\/pages\/19438","targetHints":{"allow":["GET"]}}],"collection":[{"href":"https:\/\/brenneroutlet.com\/it\/wp-json\/wp\/v2\/pages"}],"about":[{"href":"https:\/\/brenneroutlet.com\/it\/wp-json\/wp\/v2\/types\/page"}],"author":[{"embeddable":true,"href":"https:\/\/brenneroutlet.com\/it\/wp-json\/wp\/v2\/users\/2"}],"replies":[{"embeddable":true,"href":"https:\/\/brenneroutlet.com\/it\/wp-json\/wp\/v2\/comments?post=19438"}],"version-history":[{"count":3,"href":"https:\/\/brenneroutlet.com\/it\/wp-json\/wp\/v2\/pages\/19438\/revisions"}],"predecessor-version":[{"id":19441,"href":"https:\/\/brenneroutlet.com\/it\/wp-json\/wp\/v2\/pages\/19438\/revisions\/19441"}],"wp:attachment":[{"href":"https:\/\/brenneroutlet.com\/it\/wp-json\/wp\/v2\/media?parent=19438"}],"curies":[{"name":"wp","href":"https:\/\/api.w.org\/{rel}","templated":true}]}}