{"id":11224,"date":"2025-05-08T11:51:53","date_gmt":"2025-05-08T09:51:53","guid":{"rendered":"https:\/\/brenneroutlet.com\/?page_id=11224"},"modified":"2025-10-01T10:00:51","modified_gmt":"2025-10-01T08:00:51","slug":"parcheggi","status":"publish","type":"page","link":"https:\/\/brenneroutlet.com\/it\/parcheggi\/","title":{"rendered":"Parcheggi"},"content":{"rendered":"\t\t<div data-elementor-type=\"wp-page\" data-elementor-id=\"11224\" class=\"elementor elementor-11224\" data-elementor-post-type=\"page\">\n\t\t\t\t<div class=\"elementor-element elementor-element-61ffafa e-flex e-con-boxed e-con e-parent\" data-id=\"61ffafa\" data-element_type=\"container\" data-settings=\"{&quot;background_background&quot;:&quot;classic&quot;,&quot;wcf_enable_pin_area&quot;:&quot;yes&quot;,&quot;wcf_enable_cursor_hover_effect_text&quot;:&quot;View&quot;,&quot;wcf-animation&quot;:&quot;none&quot;,&quot;wcf_pin_status&quot;:&quot;true&quot;,&quot;wcf_pin_spacing&quot;:&quot;false&quot;,&quot;wcf_pin_type&quot;:&quot;transform&quot;,&quot;wcf_pin_scrub&quot;:&quot;false&quot;,&quot;wcf_pin_markers&quot;:&quot;false&quot;,&quot;wcf_pin_area_start&quot;:&quot;top top&quot;,&quot;wcf_pin_area_end&quot;:&quot;bottom top&quot;,&quot;wcf_pin_breakpoint&quot;:&quot;mobile&quot;}\">\n\t\t\t\t\t<div class=\"e-con-inner\">\n\t\t\t\t\t<\/div>\n\t\t\t\t<\/div>\n\t\t<div class=\"elementor-element elementor-element-8dd34b8 e-flex e-con-boxed e-con e-parent\" data-id=\"8dd34b8\" data-element_type=\"container\" id=\"parcheggi\" data-settings=\"{&quot;background_background&quot;:&quot;classic&quot;,&quot;wcf_enable_cursor_hover_effect_text&quot;:&quot;View&quot;,&quot;wcf_pin_area_start&quot;:&quot;bottom bottom&quot;,&quot;wcf_enable_pin_area&quot;:&quot;yes&quot;,&quot;wcf-animation&quot;:&quot;none&quot;,&quot;wcf_pin_status&quot;:&quot;true&quot;,&quot;wcf_pin_spacing&quot;:&quot;false&quot;,&quot;wcf_pin_type&quot;:&quot;transform&quot;,&quot;wcf_pin_scrub&quot;:&quot;false&quot;,&quot;wcf_pin_markers&quot;:&quot;false&quot;,&quot;wcf_pin_area_end&quot;:&quot;bottom top&quot;,&quot;wcf_pin_breakpoint&quot;:&quot;mobile&quot;}\">\n\t\t\t\t\t<div class=\"e-con-inner\">\n\t\t<div class=\"elementor-element elementor-element-7a8c8fa e-flex e-con-boxed e-con e-child\" data-id=\"7a8c8fa\" data-element_type=\"container\" data-settings=\"{&quot;wcf_enable_cursor_hover_effect_text&quot;:&quot;View&quot;,&quot;wcf-animation&quot;:&quot;none&quot;}\">\n\t\t\t\t\t<div class=\"e-con-inner\">\n\t\t\t\t<div class=\"elementor-element elementor-element-7048990 wcf-t-animation-none elementor-widget elementor-widget-wcf--title\" data-id=\"7048990\" data-element_type=\"widget\" data-settings=\"{&quot;wcf_text_animation&quot;:&quot;none&quot;,&quot;wcf-animation&quot;:&quot;none&quot;}\" data-widget_type=\"wcf--title.default\">\n\t\t\t\t<div class=\"elementor-widget-container\">\n\t\t\t\t\t<h2 class=\"wcf--title\">Parcheggi.<\/h2>\t\t\t\t<\/div>\n\t\t\t\t<\/div>\n\t\t\t\t<div class=\"elementor-element elementor-element-4caf94d elementor-widget elementor-widget-global elementor-global-11416 elementor-widget-wcf--nav-menu\" data-id=\"4caf94d\" data-element_type=\"widget\" data-settings=\"{&quot;onpsc_duration&quot;:1,&quot;ease_type&quot;:&quot;power2.out&quot;,&quot;wcf-animation&quot;:&quot;none&quot;}\" data-widget_type=\"wcf--nav-menu.default\">\n\t\t\t\t<div class=\"elementor-widget-container\">\n\t\t\t\t\t        <style>\r\n            .wcf__nav-menu{display:none}.wcf__nav-menu svg{width:1em;height:1em}.wcf__nav-menu .wcf-submenu-indicator{display:inline-flex;justify-content:center;align-items:center;margin-left:auto;padding-left:5px}.wcf__nav-menu .wcf-menu-badge{display:none;font-size:12px;font-weight:500;line-height:1;position:absolute;right:15px;padding:5px 10px;border-radius:5px;background-color:var(--badge-bg);box-shadow:0 2px 5px 2px rgba(0,0,0,.1);margin-top:-22px}.wcf__nav-menu .wcf-menu-badge:after{content:\"\";position:absolute;top:100%;left:50%;transform:translateX(-50%);border:5px solid var(--badge-bg);border-bottom-color:transparent!important;border-inline-end-color:transparent!important;border-inline-end-width:7px;border-inline-start-width:0}.wcf__nav-menu .wcf-menu-hamburger{margin-left:auto;cursor:pointer;font-size:25px;padding:4px 8px;border:1px solid #dee1e7;outline:0;background:0 0;line-height:1;display:inline-flex;align-items:center;justify-content:center}.wcf__nav-menu.mobile-menu-active{display:block}.wcf__nav-menu.mobile-menu-active .wcf-submenu-indicator{padding:8px 10px;margin:-8px -10px -8px auto}.wcf__nav-menu.mobile-menu-active .wcf-menu-hamburger{display:inline-block}.wcf__nav-menu.mobile-menu-active .wcf-menu-close{align-self:flex-end;margin:10px 10px 10px auto;padding:8px 10px;border:1px solid #555;outline:0;background:0 0;font-size:15px;line-height:1;cursor:pointer;display:inline-flex;align-items:center;justify-content:center;border-radius:50%;min-width:40px;min-height:40px}.wcf__nav-menu.mobile-menu-active .wcf-menu-overlay{position:fixed;top:0;left:0;z-index:1000;background-color:rgba(0,0,0,.5);height:100%;width:100%;transition:.4s;opacity:0;visibility:hidden}.wcf__nav-menu.mobile-menu-active.wcf-nav-is-toggled .wcf-nav-menu-container{transform:translateX(0)!important}.wcf__nav-menu.mobile-menu-active.wcf-nav-is-toggled .wcf-menu-overlay{opacity:1;visibility:visible}.wcf__nav-menu.mobile-menu-active .wcf-nav-menu-container{display:flex;flex-direction:column;position:fixed;z-index:1001;top:0;bottom:0;width:250px;background-color:#fff;overflow-y:auto;overflow-x:hidden;-webkit-overflow-scrolling:touch;transition:.45s}.wcf__nav-menu.mobile-menu-active .wcf-nav-menu-container .wcf-nav-menu-nav{flex:0 0 100%;padding:0;margin:0;order:1}.wcf__nav-menu.mobile-menu-active .menu-item{list-style:none}.wcf__nav-menu.mobile-menu-active .menu-item:not(:last-child) a{border-bottom:solid 1px #dee1e7}.wcf__nav-menu.mobile-menu-active .menu-item a{text-decoration:none;display:flex;padding:.5em 1em;font-size:1rem;line-height:1.5em;transition:.4s}.wcf__nav-menu.mobile-menu-active .menu-item-has-children .sub-menu{position:absolute;top:0;left:0;width:100%;height:100%;background:#fff;transform:translateX(100%);transition:.3s;visibility:hidden;padding:0;margin:0;flex:0 0 100%}.wcf__nav-menu.mobile-menu-active .menu-item-has-children .sub-menu .nav-back-link{display:flex;align-items:center;background-color:#064af3;color:#fff;border:none!important}.wcf__nav-menu.mobile-menu-active .menu-item-has-children.active>.sub-menu{transform:translateX(0);visibility:visible}.wcf__nav-menu.mobile-menu-active .wcf-mega-menu .sub-menu{display:none}.wcf__nav-menu.mobile-menu-active .wcf-mega-menu .wcf-mega-menu-panel{display:none;max-width:100%!important;transition:.3s;opacity:0;visibility:hidden}.wcf__nav-menu.mobile-menu-active .wcf-mega-menu.active>.wcf-mega-menu-panel{display:block;opacity:1;visibility:visible}.wcf__nav-menu.mobile-menu-active .wcf-mega-menu.mobile-wp-submenu .wcf-mega-menu-panel{display:none!important}.wcf__nav-menu.mobile-menu-active .wcf-mega-menu.mobile-wp-submenu .sub-menu{display:block}.wcf__nav-menu.mobile-menu-active.mobile-menu-right .wcf-nav-menu-container{transform:translateX(100%);right:0}.wcf__nav-menu.mobile-menu-active.mobile-menu-left .wcf-nav-menu-container{transform:translateX(-100%);left:0}.wcf__nav-menu.desktop-menu-active{display:block}.wcf__nav-menu.desktop-menu-active .wcf-menu-close,.wcf__nav-menu.desktop-menu-active .wcf-menu-hamburger{display:none}.wcf__nav-menu.desktop-menu-active .wcf-menu-badge{display:block}.wcf__nav-menu.desktop-menu-active .wcf-nav-menu-nav{display:flex;flex-wrap:wrap;margin:0;padding:0}.wcf__nav-menu.desktop-menu-active .wcf-nav-menu-nav.menu-layout-vertical{flex-direction:column}.wcf__nav-menu.desktop-menu-active .wcf-nav-menu-nav.menu-layout-vertical .menu-item-has-children .sub-menu,.wcf__nav-menu.desktop-menu-active .wcf-nav-menu-nav.menu-layout-vertical .wcf-mega-menu .wcf-mega-menu-panel{left:100%;top:auto}.wcf__nav-menu.desktop-menu-active .menu-item{list-style:none;position:relative;white-space:nowrap}.wcf__nav-menu.desktop-menu-active .menu-item a{position:relative;text-decoration:none;display:flex;padding:.5em 1em;transition:.4s;color:#1c1d20;fill:#1c1d20}.wcf__nav-menu.desktop-menu-active .menu-item a:after{content:\"\";position:absolute;left:0;transition:transform .25s ease-out;transform:scaleX(0);transform-origin:bottom right;height:2px;width:100%;background-color:#3f444b;z-index:2}.wcf__nav-menu.desktop-menu-active .menu-item-has-children .sub-menu{position:absolute;top:100%;left:0;transform:translateY(-10px);background:#fff;transition:.3s;padding:0;margin:0;box-shadow:2px 2px 6px rgba(0,0,0,.2);min-width:12em;z-index:99;opacity:0;visibility:hidden}.wcf__nav-menu.desktop-menu-active .menu-item-has-children .sub-menu a{border-top:solid 1px #dee1e7}.wcf__nav-menu.desktop-menu-active .menu-item-has-children .sub-menu .sub-menu{top:0;left:100%}.wcf__nav-menu.desktop-menu-active .menu-item-has-children:not(.wcf-mega-menu):hover>.sub-menu{transform:translateY(0);opacity:1;visibility:visible}.wcf__nav-menu.desktop-menu-active .wcf-mega-menu.mega-position-static{position:static!important}.wcf__nav-menu.desktop-menu-active .wcf-mega-menu .wcf-mega-menu-panel{position:absolute;top:100%;left:0;transform:translateY(-10px);transition:.3s;padding:0;margin:0;min-width:12em;z-index:99;opacity:0;visibility:hidden}.wcf__nav-menu.desktop-menu-active .wcf-mega-menu:hover>.wcf-mega-menu-panel{transform:translateY(0);opacity:1;visibility:visible}.wcf__nav-menu.desktop-menu-active.hover-pointer-dot a:after{width:6px;height:6px;border-radius:100px;bottom:0;left:50%;transform:translateX(-50%) scale(0);transform-origin:center}.wcf__nav-menu.desktop-menu-active.hover-pointer-dot a:hover:after{transform:translateX(-50%) scale(1)}.wcf__nav-menu.desktop-menu-active.hover-pointer-underline a:after{bottom:0}.wcf__nav-menu.desktop-menu-active.hover-pointer-underline a:hover:after{transform:scaleX(1);transform-origin:bottom left}.wcf__nav-menu.desktop-menu-active.hover-pointer-overline a:after{top:0}.wcf__nav-menu.desktop-menu-active.hover-pointer-overline a:hover:after{transform:scaleX(1);transform-origin:bottom left}.wcf__nav-menu.desktop-menu-active.hover-pointer-line-through a:after{top:50%;transform:translateY(-50%) scaleX(0)}.wcf__nav-menu.desktop-menu-active.hover-pointer-line-through a:hover:after{transform:translateY(-50%) scaleX(1);transform-origin:bottom left}.wcf__nav-menu.desktop-menu-active.hover-pointer-flip a .menu-text{position:relative;transition:transform .3s;transform-origin:50% 0;transform-style:preserve-3d}.wcf__nav-menu.desktop-menu-active.hover-pointer-flip a .menu-text:before{position:absolute;top:100%;left:0;width:100%;height:100%;content:attr(data-text);transform:rotateX(-90deg);transform-origin:50% 0;text-align:center}.wcf__nav-menu.desktop-menu-active.hover-pointer-flip a:hover .menu-text{transform:rotateX(90deg) translateY(-12px)}\r\n        <\/style>\r\n        <div class=\"mobile-sub-back\" style=\"display: none\">\r\n\t\t\t<svg aria-hidden=\"true\" class=\"e-font-icon-svg e-fas-arrow-left\" viewBox=\"0 0 448 512\" xmlns=\"http:\/\/www.w3.org\/2000\/svg\"><path d=\"M257.5 445.1l-22.2 22.2c-9.4 9.4-24.6 9.4-33.9 0L7 273c-9.4-9.4-9.4-24.6 0-33.9L201.4 44.7c9.4-9.4 24.6-9.4 33.9 0l22.2 22.2c9.5 9.5 9.3 25-.4 34.3L136.6 216H424c13.3 0 24 10.7 24 24v32c0 13.3-10.7 24-24 24H136.6l120.5 114.8c9.8 9.3 10 24.8.4 34.3z\"><\/path><\/svg>\t\t\tBack        <\/div>\r\n\r\n        <div class=\"wcf__nav-menu desktop-menu-active mobile-menu-right hover-pointer-underline\">\r\n            <button class=\"wcf-menu-hamburger\" type=\"button\" aria-label=\"hamburger-icon\">\r\n\t            <svg aria-hidden=\"true\" class=\"e-font-icon-svg e-fas-bars\" viewBox=\"0 0 448 512\" xmlns=\"http:\/\/www.w3.org\/2000\/svg\"><path d=\"M16 132h416c8.837 0 16-7.163 16-16V76c0-8.837-7.163-16-16-16H16C7.163 60 0 67.163 0 76v40c0 8.837 7.163 16 16 16zm0 160h416c8.837 0 16-7.163 16-16v-40c0-8.837-7.163-16-16-16H16c-8.837 0-16 7.163-16 16v40c0 8.837 7.163 16 16 16zm0 160h416c8.837 0 16-7.163 16-16v-40c0-8.837-7.163-16-16-16H16c-8.837 0-16 7.163-16 16v40c0 8.837 7.163 16 16 16z\"><\/path><\/svg>            <\/button>\r\n\t\t\t<div class=\"wcf-nav-menu-container\"><ul id=\"menu-menu-info\" class=\"wcf-nav-menu-nav menu-layout-horizontal\"><li id=\"menu-item-11253\" class=\"menu-item menu-item-type-post_type menu-item-object-page menu-item-11253\"><a href=\"https:\/\/brenneroutlet.com\/it\/outlet\/\" class=\"wcf-nav-item\">Outlet<\/a><\/li>\n<li id=\"menu-item-11252\" class=\"menu-item menu-item-type-post_type menu-item-object-page menu-item-11252\"><a href=\"https:\/\/brenneroutlet.com\/it\/orari\/\" class=\"wcf-nav-item\">Orari<\/a><\/li>\n<li id=\"menu-item-11250\" class=\"menu-item menu-item-type-post_type menu-item-object-page menu-item-11250\"><a href=\"https:\/\/brenneroutlet.com\/it\/arrivare\/\" class=\"wcf-nav-item\">Arrivare<\/a><\/li>\n<li id=\"menu-item-11251\" class=\"menu-item menu-item-type-post_type menu-item-object-page menu-item-11251\"><a href=\"https:\/\/brenneroutlet.com\/it\/parcheggi\/\" class=\"wcf-nav-item\">Parcheggi<\/a><\/li>\n<li id=\"menu-item-11254\" class=\"menu-item menu-item-type-post_type menu-item-object-page menu-item-11254\"><a href=\"https:\/\/brenneroutlet.com\/it\/servizi\/\" class=\"wcf-nav-item\">Servizi<\/a><\/li>\n<\/ul><button class=\"wcf-menu-close\" type=\"button\"><svg aria-hidden=\"true\" class=\"e-font-icon-svg e-fas-times\" viewBox=\"0 0 352 512\" xmlns=\"http:\/\/www.w3.org\/2000\/svg\"><path d=\"M242.72 256l100.07-100.07c12.28-12.28 12.28-32.19 0-44.48l-22.24-22.24c-12.28-12.28-32.19-12.28-44.48 0L176 189.28 75.93 89.21c-12.28-12.28-32.19-12.28-44.48 0L9.21 111.45c-12.28 12.28-12.28 32.19 0 44.48L109.28 256 9.21 356.07c-12.28 12.28-12.28 32.19 0 44.48l22.24 22.24c12.28 12.28 32.2 12.28 44.48 0L176 322.72l100.07 100.07c12.28 12.28 32.2 12.28 44.48 0l22.24-22.24c12.28-12.28 12.28-32.19 0-44.48L242.72 256z\"><\/path><\/svg><\/button><\/div>            <div class=\"wcf-menu-overlay\"><\/div>\r\n\t\t<\/div>\r\n\t\t\r\n\t\t\t\t\t\t<\/div>\n\t\t\t\t<\/div>\n\t\t\t\t<div class=\"elementor-element elementor-element-8936d91 elementor-widget__width-initial wcf-t-animation-none elementor-widget elementor-widget-text-editor\" data-id=\"8936d91\" data-element_type=\"widget\" data-settings=\"{&quot;wcf_text_animation&quot;:&quot;none&quot;,&quot;wcf-animation&quot;:&quot;none&quot;}\" data-widget_type=\"text-editor.default\">\n\t\t\t\t<div class=\"elementor-widget-container\">\n\t\t\t\t\t\t\t\t\t<h4 class=\"p1\"><span style=\"color: #000000;\">A tua disposizione trovi <strong>1.200 posti auto gratuiti<\/strong>, per parcheggiare senza pensieri e dedicarti solo al piacere dello shopping. Se viaggi in elettrico, puoi contare su <strong>18 stazioni di ricarica ultra-rapida<\/strong>, per ripartire in pochi minuti con la massima autonomia.<br \/><\/span><\/h4>\t\t\t\t\t\t\t\t<\/div>\n\t\t\t\t<\/div>\n\t\t\t\t\t<\/div>\n\t\t\t\t<\/div>\n\t\t<div class=\"elementor-element elementor-element-f5a0179 e-grid e-con-boxed e-con e-child\" data-id=\"f5a0179\" data-element_type=\"container\" data-settings=\"{&quot;wcf_enable_cursor_hover_effect_text&quot;:&quot;View&quot;,&quot;wcf-animation&quot;:&quot;none&quot;}\">\n\t\t\t\t\t<div class=\"e-con-inner\">\n\t\t<div class=\"elementor-element elementor-element-20f9893 e-con-full e-flex e-con e-child\" data-id=\"20f9893\" data-element_type=\"container\" data-settings=\"{&quot;wcf_enable_cursor_hover_effect_text&quot;:&quot;View&quot;,&quot;wcf-animation&quot;:&quot;none&quot;}\">\n\t\t\t\t<div class=\"elementor-element elementor-element-33d5da4 wcf-t-animation-none elementor-widget elementor-widget-text-editor\" data-id=\"33d5da4\" data-element_type=\"widget\" data-settings=\"{&quot;wcf_text_animation&quot;:&quot;none&quot;,&quot;wcf-animation&quot;:&quot;none&quot;}\" data-widget_type=\"text-editor.default\">\n\t\t\t\t<div class=\"elementor-widget-container\">\n\t\t\t\t\t\t\t\t\t<h1>Parcheggi gratis<\/h1><h3>\u00a0<\/h3><h3>Il Brenner Outlet offre alla propria clientela parcheggi gratuiti, di cui 1.200 posti nel garage.<\/h3>\t\t\t\t\t\t\t\t<\/div>\n\t\t\t\t<\/div>\n\t\t\t\t<div class=\"elementor-element elementor-element-8d046ef wcf-t-animation-none elementor-widget elementor-widget-text-editor\" data-id=\"8d046ef\" data-element_type=\"widget\" data-settings=\"{&quot;wcf_text_animation&quot;:&quot;none&quot;,&quot;wcf-animation&quot;:&quot;none&quot;}\" data-widget_type=\"text-editor.default\">\n\t\t\t\t<div class=\"elementor-widget-container\">\n\t\t\t\t\t\t\t\t\t<h1>Auto elettriche<\/h1><h4>\u00a0<\/h4><h4><strong>Colonnine di ricarica per auto elettriche<\/strong><\/h4><h4>Al Brenner Outlet, il futuro della mobilit\u00e0 \u00e8 gi\u00e0 realt\u00e0. Grazie all\u2019ampliamento da 6 a 18 stazioni di ricarica ultra-rapida, offriamo un servizio all\u2019avanguardia per chi viaggia in elettrico, garantendo sostenibilit\u00e0, efficienza e praticit\u00e0.<\/h4><p>\u00a0<\/p><h4><strong>IONITY \u2013 L\u2019innovazione al servizio della mobilit\u00e0<\/strong><br \/>18 punti di ricarica High Power Charging disponibili nel parcheggio al piano terra. Le nostre colonnine fanno parte di IONITY, il network europeo nato dalla collaborazione tra BMW Group, Daimler AG, Ford Motor Company e il Gruppo Volkswagen con Audi e Porsche. L\u2019obiettivo? Creare una rete di rifornimento veloce per i viaggi a lunga percorrenza, rendendo l\u2019auto elettrica sempre pi\u00f9 accessibile e conveniente.<\/h4><p>\u00a0<\/p><h4><strong>Veloce, semplice, universale<\/strong><\/h4><h4>Compatibili con tutte le vetture che supportano il sistema di ricarica Combined Charging System (CCS), il pi\u00f9 diffuso in Europa. Cavi di ricarica integrati: basta collegare l\u2019auto e la ricarica parte automaticamente. Potenza fino a 350 kW, per un\u2019autonomia massima in soli 10-15 minuti, a seconda del veicolo.<\/h4><p>\u00a0<\/p><h4><strong>Pagamenti smart<\/strong><\/h4><h4>Tramite smartphone, con le principali app di mobilit\u00e0. Con card RFID, token o altre soluzioni digitali. Innovazione e sostenibilit\u00e0 si incontrano a Brenner Outlet: viaggia senza pensieri e ricarica con la massima efficienza!<\/h4>\t\t\t\t\t\t\t\t<\/div>\n\t\t\t\t<\/div>\n\t\t\t\t<\/div>\n\t\t\t\t<div class=\"elementor-element elementor-element-d1ced5d elementor-widget elementor-widget-wcf--image\" data-id=\"d1ced5d\" data-element_type=\"widget\" data-settings=\"{&quot;wcf-image-animation&quot;:&quot;reveal&quot;,&quot;wcf-animation-start&quot;:&quot;top bottom&quot;,&quot;wcf_img_animation_editor&quot;:&quot;yes&quot;,&quot;aae_a_start_from&quot;:&quot;left&quot;,&quot;image-ease&quot;:&quot;power2.out&quot;,&quot;wcf-animation&quot;:&quot;none&quot;}\" data-widget_type=\"wcf--image.default\">\n\t\t\t\t<div class=\"elementor-widget-container\">\n\t\t\t\t\t        <div class=\"wcf--image\">\r\n\t\t\t\t\t\t\t<img fetchpriority=\"high\" decoding=\"async\" width=\"800\" height=\"1000\" src=\"https:\/\/brenneroutlet.com\/wp-content\/smush-webp\/2025\/03\/info-outlet-electric-819x1024.jpg.webp\" class=\"attachment-large size-large wp-image-4875\" alt=\"\" srcset=\"https:\/\/brenneroutlet.com\/wp-content\/smush-webp\/2025\/03\/info-outlet-electric-819x1024.jpg.webp 819w, https:\/\/brenneroutlet.com\/wp-content\/smush-webp\/2025\/03\/info-outlet-electric-240x300.jpg.webp 240w, https:\/\/brenneroutlet.com\/wp-content\/smush-webp\/2025\/03\/info-outlet-electric-768x960.jpg.webp 768w, https:\/\/brenneroutlet.com\/wp-content\/smush-webp\/2025\/03\/info-outlet-electric.jpg.webp 1000w\" sizes=\"(max-width: 800px) 100vw, 800px\" data-smush-webp-fallback=\"{&quot;src&quot;:&quot;https:\\\/\\\/brenneroutlet.com\\\/wp-content\\\/uploads\\\/2025\\\/03\\\/info-outlet-electric-819x1024.jpg&quot;,&quot;srcset&quot;:&quot;https:\\\/\\\/brenneroutlet.com\\\/wp-content\\\/uploads\\\/2025\\\/03\\\/info-outlet-electric-819x1024.jpg 819w, https:\\\/\\\/brenneroutlet.com\\\/wp-content\\\/uploads\\\/2025\\\/03\\\/info-outlet-electric-240x300.jpg 240w, https:\\\/\\\/brenneroutlet.com\\\/wp-content\\\/uploads\\\/2025\\\/03\\\/info-outlet-electric-768x960.jpg 768w, https:\\\/\\\/brenneroutlet.com\\\/wp-content\\\/uploads\\\/2025\\\/03\\\/info-outlet-electric.jpg 1000w&quot;}\" \/>\t\t\t\t        <\/div>\r\n\t\t\t\t\t\t<\/div>\n\t\t\t\t<\/div>\n\t\t\t\t\t<\/div>\n\t\t\t\t<\/div>\n\t\t<div class=\"elementor-element elementor-element-c502e34 e-con-full e-grid e-con e-child\" data-id=\"c502e34\" data-element_type=\"container\" data-settings=\"{&quot;wcf_enable_cursor_hover_effect_text&quot;:&quot;View&quot;,&quot;wcf-animation&quot;:&quot;none&quot;}\">\n\t\t\t\t<div class=\"elementor-element elementor-element-2eb8357 elementor-widget elementor-widget-spacer\" data-id=\"2eb8357\" data-element_type=\"widget\" data-settings=\"{&quot;wcf-animation&quot;:&quot;none&quot;}\" data-widget_type=\"spacer.default\">\n\t\t\t\t<div class=\"elementor-widget-container\">\n\t\t\t\t\t\t\t<div class=\"elementor-spacer\">\n\t\t\t<div class=\"elementor-spacer-inner\"><\/div>\n\t\t<\/div>\n\t\t\t\t\t\t<\/div>\n\t\t\t\t<\/div>\n\t\t\t\t<\/div>\n\t\t\t\t\t<\/div>\n\t\t\t\t<\/div>\n\t\t<div class=\"elementor-element elementor-element-f5e4cfc e-flex e-con-boxed e-con e-parent\" data-id=\"f5e4cfc\" data-element_type=\"container\" data-settings=\"{&quot;background_background&quot;:&quot;classic&quot;,&quot;wcf_enable_cursor_hover_effect_text&quot;:&quot;View&quot;,&quot;wcf_enable_pin_area&quot;:&quot;yes&quot;,&quot;wcf-animation&quot;:&quot;none&quot;,&quot;wcf_pin_status&quot;:&quot;true&quot;,&quot;wcf_pin_spacing&quot;:&quot;false&quot;,&quot;wcf_pin_type&quot;:&quot;transform&quot;,&quot;wcf_pin_scrub&quot;:&quot;false&quot;,&quot;wcf_pin_markers&quot;:&quot;false&quot;,&quot;wcf_pin_area_start&quot;:&quot;top top&quot;,&quot;wcf_pin_area_end&quot;:&quot;bottom top&quot;,&quot;wcf_pin_breakpoint&quot;:&quot;mobile&quot;}\">\n\t\t\t\t\t<div class=\"e-con-inner\">\n\t\t\t\t\t<\/div>\n\t\t\t\t<\/div>\n\t\t\t\t<\/div>\n\t\t","protected":false},"excerpt":{"rendered":"<p>Parcheggi. Back Outlet Orari Arrivare Parcheggi Servizi A tua disposizione trovi 1.200 posti auto gratuiti, per parcheggiare senza pensieri e dedicarti solo al piacere dello shopping. Se viaggi in elettrico, puoi contare su 18 stazioni di ricarica ultra-rapida, per ripartire in pochi minuti con la massima autonomia. Parcheggi gratis \u00a0 Il Brenner Outlet offre alla [&hellip;]<\/p>\n","protected":false},"author":2,"featured_media":0,"parent":0,"menu_order":0,"comment_status":"closed","ping_status":"closed","template":"","meta":{"_acf_changed":false,"footnotes":""},"class_list":["post-11224","page","type-page","status-publish","hentry"],"acf":[],"publishpress_future_action":{"enabled":false,"date":"2026-05-08 03:10:04","action":"change-status","newStatus":"draft","terms":[],"taxonomy":"translation_priority"},"publishpress_future_workflow_manual_trigger":{"enabledWorkflows":[]},"_links":{"self":[{"href":"https:\/\/brenneroutlet.com\/it\/wp-json\/wp\/v2\/pages\/11224","targetHints":{"allow":["GET"]}}],"collection":[{"href":"https:\/\/brenneroutlet.com\/it\/wp-json\/wp\/v2\/pages"}],"about":[{"href":"https:\/\/brenneroutlet.com\/it\/wp-json\/wp\/v2\/types\/page"}],"author":[{"embeddable":true,"href":"https:\/\/brenneroutlet.com\/it\/wp-json\/wp\/v2\/users\/2"}],"replies":[{"embeddable":true,"href":"https:\/\/brenneroutlet.com\/it\/wp-json\/wp\/v2\/comments?post=11224"}],"version-history":[{"count":67,"href":"https:\/\/brenneroutlet.com\/it\/wp-json\/wp\/v2\/pages\/11224\/revisions"}],"predecessor-version":[{"id":17570,"href":"https:\/\/brenneroutlet.com\/it\/wp-json\/wp\/v2\/pages\/11224\/revisions\/17570"}],"wp:attachment":[{"href":"https:\/\/brenneroutlet.com\/it\/wp-json\/wp\/v2\/media?parent=11224"}],"curies":[{"name":"wp","href":"https:\/\/api.w.org\/{rel}","templated":true}]}}