{"id":19444,"date":"2026-02-04T14:20:20","date_gmt":"2026-02-04T13:20:20","guid":{"rendered":"https:\/\/brenneroutlet.com\/informativa-videosorveglianza-visitatori\/"},"modified":"2026-02-04T14:51:37","modified_gmt":"2026-02-04T13:51:37","slug":"informationen-zur-videoueberwachung-besucher","status":"publish","type":"page","link":"https:\/\/brenneroutlet.com\/de\/informationen-zur-videoueberwachung-besucher\/","title":{"rendered":"Informationen zur Video\u00fcberwachung \u2013 Besucher"},"content":{"rendered":"\t\t<div data-elementor-type=\"wp-page\" data-elementor-id=\"19444\" class=\"elementor elementor-19444 elementor-19438\" data-elementor-post-type=\"page\">\n\t\t\t\t<div class=\"elementor-element elementor-element-494618e e-flex e-con-boxed e-con e-parent\" data-id=\"494618e\" data-element_type=\"container\" data-settings=\"{&quot;wcf_enable_cursor_hover_effect_text&quot;:&quot;View&quot;,&quot;wcf-animation&quot;:&quot;none&quot;}\">\n\t\t\t\t\t<div class=\"e-con-inner\">\n\t\t<div class=\"elementor-element elementor-element-4ce9f7d e-con-full e-flex e-con e-child\" data-id=\"4ce9f7d\" data-element_type=\"container\" data-settings=\"{&quot;wcf_enable_cursor_hover_effect_text&quot;:&quot;View&quot;,&quot;wcf-animation&quot;:&quot;none&quot;}\">\n\t\t\t\t<div class=\"elementor-element elementor-element-1031e79 wcf-t-animation-none elementor-widget elementor-widget-text-editor\" data-id=\"1031e79\" data-element_type=\"widget\" data-settings=\"{&quot;wcf_text_animation&quot;:&quot;none&quot;,&quot;wcf-animation&quot;:&quot;none&quot;}\" data-widget_type=\"text-editor.default\">\n\t\t\t\t<div class=\"elementor-widget-container\">\n\t\t\t\t\t\t\t\t\t<h1 class=\"p1\"><span class=\"s1\">Informationen zur Video\u00fcberwachung &#8211; Besucher<\/span><\/h1><p>\u00a0<\/p><h3 class=\"p1\"><span class=\"s1\"><b>Informationen gem\u00e4\u00df Artikel 13 und 14 der Europ\u00e4ischen Verordnung 2016\/679 \u00fcber die verwendeten Video\u00fcberwachungssysteme.<\/b><\/span><\/h3><p>\u00a0<\/p><p class=\"p1\"><span class=\"s1\"><b>Die Outlet Center Brenner GmbH<\/b>, (nachfolgend auch OCB genannt), mit Sitz in der St. Valentinsstra\u00dfe 9\/A, I-39041 Brenner (BZ), ist als f\u00fcr die Verarbeitung Verantwortliche des im <b>Brenner Outlet<\/b> installierten Video\u00fcberwachungssystems verpflichtet, die betroffenen Personen gem\u00e4\u00df den Artikeln 13 und 14 der Europ\u00e4ischen Verordnung 2016\/679 \u00fcber Folgendes zu informieren.<\/span><\/p><p>\u00a0<\/p><p class=\"p1\"><span class=\"s1\"><b>(I). Art und Natur der Daten. <\/b><\/span><\/p><p class=\"p1\"><span class=\"s1\">Der f\u00fcr die Verarbeitung Verantwortliche verarbeitet \u00fcber seine im <b>Brenner Outlet<\/b> installierten Video\u00fcberwachungssysteme personenbezogene Daten. Die Kameras dienen der Erfassung und Aufzeichnung von Bildern der Besucher des <b>Brenner Outlet<\/b>.<\/span><\/p><p>\u00a0<\/p><p class=\"p1\"><span class=\"s1\"><b>(II). Zweck der Verarbeitung. <\/b><\/span><\/p><p class=\"p1\"><span class=\"s1\">Die Video\u00fcberwachungsanlage wurde ausschlie\u00dflich zum Schutz der Verm\u00f6genswerte des Unternehmens vor m\u00f6glichen Diebstahlsversuchen und\/oder dem Zugriff von Unbefugten, die in Bereichen, die in den Zust\u00e4ndigkeitsbereich des OCB fallen, kriminelle Handlungen begehen k\u00f6nnten, sowie zur Sicherheit und zum Schutz des dort t\u00e4tigen Personals und der Besucher des Brenner Outlet installiert.<\/span><\/p><p>\u00a0<\/p><p class=\"p1\"><span class=\"s1\"><b>(III). Rechtsgrundlage. <\/b><\/span><\/p><p class=\"p1\"><span class=\"s1\">Die Verarbeitung personenbezogener Daten durch das Video\u00fcberwachungssystem erfolgt auf der Grundlage des berechtigten Interesses des f\u00fcr die Verarbeitung Verantwortlichen im Sinne von Artikel 6 Absatz 1 Buchstabe f der Verordnung (EU) 2016\/679, die Sicherheit von Kunden und Mitarbeitern zu gew\u00e4hrleisten sowie die Integrit\u00e4t seiner Waren und\/oder Produkte zu sch\u00fctzen. Dieses berechtigte Interesse wurde in angemessener Weise gegen die Interessen der betroffenen Personen abgewogen, da die Verarbeitung personenbezogener Daten nur in dem Umfang erfolgen darf, der f\u00fcr die Verfolgung dieser Zwecke unbedingt erforderlich ist. Die Bereitstellung der personenbezogenen Daten ist zwingend erforderlich, um die Sicherheit und den Schutz der betroffenen Personen und des Verm\u00f6gens von OCB zu gew\u00e4hrleisten; daher ist der Zugang zum Brenner Outlet nicht m\u00f6glich, wenn die angeforderten personenbezogenen Daten nicht bereitgestellt werden. Die betroffene Person kann gegen diese Verarbeitung in der in dieser Mitteilung beschriebenen Weise Einspruch erheben. Widerspricht die betroffene Person der Verarbeitung, d\u00fcrfen die personenbezogenen Daten nicht f\u00fcr den angegebenen Zweck verwendet werden, es sei denn, OCB macht ein \u00fcbergeordnetes Interesse oder die Notwendigkeit der Geltendmachung oder Verteidigung eines Rechts vor Gericht geltend.<\/span><\/p><p>\u00a0<\/p><p class=\"p1\"><span class=\"s1\"><b>(IV). Art der Datenverarbeitung und Empf\u00e4nger.<\/b><\/span><\/p><p class=\"p1\"><span class=\"s1\">Im Zusammenhang mit den oben genannten Zwecken werden die Daten vom OCB in elektronischer Form verarbeitet. Die Verarbeitung erfolgt unter Wahrung der logischen und physischen Sicherheit und Vertraulichkeit und kann mit Hilfe von Informatik- und Telematik-Instrumenten erfolgen, die f\u00fcr die Einsichtnahme und Speicherung der Daten geeignet sind. <\/span><\/p><p class=\"p1\"><span class=\"s1\">Die Prozedur der Verarbeitung ist streng an die oben genannten Zwecke gebunden. <\/span><\/p><p class=\"p1\"><span class=\"s1\">Insbesondere werden die gesammelten Daten mit Hilfe von EDV-Verfahren erfasst und gespeichert und von Personal verarbeitet, das speziell in der Eigenschaft als bevollm\u00e4chtigte oder benannte Person oder als Systemadministrator ernannt wurde. <\/span><span class=\"s1\">Als Verantwortliche f\u00fcr die Verarbeitung der Daten wurden die Unternehmen benannt, die \u00dcberwachungs- oder Hilfst\u00e4tigkeiten f\u00fcr das System durchf\u00fchren und im Falle von Straftaten auf die Aufzeichnungen zugreifen k\u00f6nnen, sowie die Promos GmbH, die als Verwaltungsgesellschaft des Brenner Outlet Zugang zu den Bildern hat. <\/span><\/p><p>\u00a0<\/p><p class=\"p1\"><span class=\"s1\"><b>(V). Aufbewahrungsfristen.<\/b><\/span><\/p><p class=\"p1\"><span class=\"s1\">Die aufgezeichneten Aufnahmen werden so lange aufbewahrt, wie es f\u00fcr die Verfolgung der angegebenen Zwecke unbedingt erforderlich ist, d.h. 24 Stunden und auf keinen Fall l\u00e4nger als 72 Stunden nach der Aufzeichnung, wenn die R\u00e4umlichkeiten geschlossen werden und\/oder wenn Ereignisse eintreten, die das Unternehmen den Justizbeh\u00f6rden vorzulegen beschlie\u00dft, weil z.B. ein Diebstahl oder andere strafrechtlich relevante Tatsachen zum Nachteil von Sachen oder Personen stattgefunden haben und\/oder aufgrund von Anfragen der Beh\u00f6rden f\u00fcr \u00f6ffentliche Sicherheit oder der Justizbeh\u00f6rden. <\/span><\/p><p class=\"p1\"><span class=\"s1\">Im Falle von Straftaten werden die Aufnahmen auf einen speziellen Datentr\u00e4ger heruntergeladen und den oben genannten Beh\u00f6rden zur Verf\u00fcgung gestellt. <\/span><\/p><p class=\"p1\"><span class=\"s1\">Nach Ablauf der vorgenannten Aufbewahrungsfrist werden die aufgezeichneten Bilder automatisch gel\u00f6scht. Die Aufzeichnungen werden mit Hilfe eines speziellen Softwareverfahrens verarbeitet. Die Daten werden nicht indiziert und nicht mit anderen abgeglichen, und das System wird auch nicht mit den Strafverfolgungsbeh\u00f6rden vernetzt. <\/span><\/p><p class=\"p1\"><span class=\"s1\">Ein automatisches Eingreifen durch automatische Alarmmechanismen oder -systeme ist derzeit nicht vorgesehen. Die Bilder werden nicht vervielf\u00e4ltigt, es sei denn, es wird eine Beschwerde bei den zust\u00e4ndigen Beh\u00f6rden eingereicht. Au\u00dfer in den oben genannten F\u00e4llen werden die Daten nicht an Dritte weitergegeben oder verbreitet.<\/span><\/p><p>\u00a0<\/p><p class=\"p1\"><span class=\"s1\"><b>(VI). Weitergabe von Daten und \u00dcbermittlung von personenbezogenen Daten ins Ausland.<\/b><\/span><\/p><p class=\"p1\"><span class=\"s1\">Die personenbezogenen Daten der betroffenen Person k\u00f6nnen an die mit der Verarbeitung beauftragten Personen und an die vom OCB f\u00fcr die Verarbeitung personenbezogener Daten benannten Personen weitergegeben werden. Unbeschadet der Daten\u00fcbermittlung, die in Erf\u00fcllung der oben genannten gesetzlichen Verpflichtungen erfolgt, k\u00f6nnen personenbezogene Daten zu Zwecken der Sicherheit und des Schutzes von Personen und Unternehmenswerten an Externe weitergegeben werden (Sicherheitsdienst, Unternehmen, die als Datenverarbeiter bei der Erbringung von entsprechenden Video\u00fcberwachungsdiensten t\u00e4tig sind). Die verarbeiteten Daten befinden sich auf Servern, die sich auf italienischem Staatsgebiet befinden. In jedem Fall wird der f\u00fcr die Verarbeitung Verantwortliche im Falle ihrer \u00dcbermittlung in L\u00e4nder au\u00dferhalb der Europ\u00e4ischen Union, da sich die Server einiger Dienstleister dort befinden, alle in der europ\u00e4ischen Verordnung 2016\/679 vorgeschriebenen angemessenen Garantien zum Schutz der personenbezogenen Daten der betroffenen Personen ergreifen.<\/span><\/p><p>\u00a0<\/p><p class=\"p1\"><span class=\"s1\"><b>(VII). Recht auf Auskunft und andere Rechte.<\/b><\/span><\/p><p class=\"p1\"><span class=\"s1\">Die Artikel 15 bis 22 der Verordnung (EU) 2016\/679 gew\u00e4hren betroffenen Personen die Aus\u00fcbung bestimmter Rechte. Artikel 15 der Verordnung (EU) 2016\/679 gew\u00e4hrt den betroffenen Personen das Recht auf Auskunft \u00fcber ihre personenbezogenen Daten und auf Erhalt einer Kopie dieser Daten. Das Recht, eine Kopie der Daten zu erhalten, darf die Rechte und Freiheiten anderer Personen nicht verletzen.<span class=\"Apple-converted-space\">\u00a0 <\/span>Mit dem Antrag auf Auskunft hat die betroffene Person das Recht, von dem f\u00fcr die Verarbeitung Verantwortlichen eine Best\u00e4tigung dar\u00fcber zu erhalten, ob sie betreffende personenbezogene Daten verarbeitet werden oder nicht, und zu erfahren, zu welchen Zwecken und in welchen Kategorien die Daten verarbeitet werden, ob die Daten an Dritte weitergegeben oder mit angemessenen Garantien in ein Land au\u00dferhalb der EU \u00fcbermittelt werden. Die betroffene Person hat auch das Recht zu erfahren, wie lange ihre personenbezogenen Daten gespeichert werden. <\/span><\/p><p class=\"p1\"><span class=\"s1\">In Bezug auf ihre personenbezogenen Daten hat die betroffene Person das Recht, unter den in Artikel 17 der Verordnung (EU) 2016\/679 genannten Bedingungen die L\u00f6schung (Recht auf Vergessenwerden) und die Einschr\u00e4nkung der Verarbeitung zu verlangen. <\/span><\/p><p class=\"p1\"><span class=\"s1\">Die vorgenannten Rechte k\u00f6nnen im Einklang mit der kurzen Aufbewahrungsfrist der mit dem Video\u00fcberwachungssystem erhobenen Daten ausge\u00fcbt werden.<\/span><\/p><p class=\"p1\"><span class=\"s1\">Die Rechte k\u00f6nnen per E-Mail an <a href=\"mailto:privacy@outletcenterbrenner.com\"><span class=\"s2\">privacy@outletcenterbrenner.com<\/span><\/a><\/span> <span class=\"s1\">oder auf dem Postweg an die oben angegebene Adresse des Firmensitzes ausge\u00fcbt werden. Der f\u00fcr die Verarbeitung Verantwortliche muss gegebenenfalls die betroffene Person identifizieren, indem er eine Kopie ihres Personalausweises anfordert.<\/span><\/p><p>\u00a0<\/p><p class=\"p1\"><span class=\"s1\"><b>(VIII). Beschwerde bei einer Aufsichtsbeh\u00f6rde.<\/b><\/span><\/p><p class=\"p1\"><span class=\"s1\">Eine betroffene Person, die der Ansicht ist, dass die Verarbeitung ihrer personenbezogenen Daten gegen die Bestimmungen der Europ\u00e4ischen Verordnung (EU) 2016\/679 verst\u00f6\u00dft, hat gem\u00e4\u00df Artikel 77 der Europ\u00e4ischen Verordnung (EU) 2016\/679 das Recht auf Beschwerde bei der Aufsichtsbeh\u00f6rde des Staates, in dem sie ihren Wohnsitz oder Arbeitsplatz hat oder in dem der Versto\u00df stattgefunden hat. <\/span><\/p><p class=\"p1\"><span class=\"s1\">Wenn die betroffene Person im Hoheitsgebiet des italienischen Staates wohnt oder arbeitet oder der Versto\u00df im Hoheitsgebiet des italienischen Staates stattgefunden hat, muss die Beschwerde bei der italienischen Datenschutzbeh\u00f6rde mit Sitz in Rom eingereicht werden.<\/span><\/p>\t\t\t\t\t\t\t\t<\/div>\n\t\t\t\t<\/div>\n\t\t\t\t<\/div>\n\t\t<div class=\"elementor-element elementor-element-3e3ec4b e-con-full e-flex e-con e-child\" data-id=\"3e3ec4b\" data-element_type=\"container\" data-settings=\"{&quot;wcf_enable_cursor_hover_effect_text&quot;:&quot;View&quot;,&quot;wcf-animation&quot;:&quot;none&quot;}\">\n\t\t\t\t<\/div>\n\t\t\t\t\t<\/div>\n\t\t\t\t<\/div>\n\t\t\t\t<\/div>\n\t\t","protected":false},"excerpt":{"rendered":"<p>Informationen zur Video\u00fcberwachung &#8211; Besucher Informationen gem\u00e4\u00df Artikel 13 und 14 der Europ\u00e4ischen Verordnung 2016\/679 \u00fcber die verwendeten Video\u00fcberwachungssysteme. Die Outlet Center Brenner GmbH, (nachfolgend auch OCB genannt), mit Sitz in der St. Valentinsstra\u00dfe 9\/A, I-39041 Brenner (BZ), ist als f\u00fcr die Verarbeitung Verantwortliche des im Brenner Outlet installierten Video\u00fcberwachungssystems verpflichtet, die betroffenen Personen gem\u00e4\u00df [&hellip;]<\/p>\n","protected":false},"author":2,"featured_media":0,"parent":0,"menu_order":0,"comment_status":"closed","ping_status":"closed","template":"","meta":{"_acf_changed":false,"footnotes":""},"class_list":["post-19444","page","type-page","status-publish","hentry"],"acf":[],"publishpress_future_action":{"enabled":false,"date":"2026-05-18 16:07:20","action":"change-status","newStatus":"draft","terms":[],"taxonomy":"translation_priority"},"publishpress_future_workflow_manual_trigger":{"enabledWorkflows":[]},"_links":{"self":[{"href":"https:\/\/brenneroutlet.com\/de\/wp-json\/wp\/v2\/pages\/19444","targetHints":{"allow":["GET"]}}],"collection":[{"href":"https:\/\/brenneroutlet.com\/de\/wp-json\/wp\/v2\/pages"}],"about":[{"href":"https:\/\/brenneroutlet.com\/de\/wp-json\/wp\/v2\/types\/page"}],"author":[{"embeddable":true,"href":"https:\/\/brenneroutlet.com\/de\/wp-json\/wp\/v2\/users\/2"}],"replies":[{"embeddable":true,"href":"https:\/\/brenneroutlet.com\/de\/wp-json\/wp\/v2\/comments?post=19444"}],"version-history":[{"count":5,"href":"https:\/\/brenneroutlet.com\/de\/wp-json\/wp\/v2\/pages\/19444\/revisions"}],"predecessor-version":[{"id":19458,"href":"https:\/\/brenneroutlet.com\/de\/wp-json\/wp\/v2\/pages\/19444\/revisions\/19458"}],"wp:attachment":[{"href":"https:\/\/brenneroutlet.com\/de\/wp-json\/wp\/v2\/media?parent=19444"}],"curies":[{"name":"wp","href":"https:\/\/api.w.org\/{rel}","templated":true}]}}