{"id":12836,"date":"2025-02-20T15:46:52","date_gmt":"2025-02-20T13:46:52","guid":{"rendered":"https:\/\/brenneroutlet.com\/privacy-policy\/"},"modified":"2025-05-26T12:20:50","modified_gmt":"2025-05-26T10:20:50","slug":"privacy-policy","status":"publish","type":"page","link":"https:\/\/brenneroutlet.com\/de\/privacy-policy\/","title":{"rendered":"Privacy Policy"},"content":{"rendered":"\t\t<div data-elementor-type=\"wp-page\" data-elementor-id=\"12836\" class=\"elementor elementor-12836 elementor-3\" data-elementor-post-type=\"page\">\n\t\t\t\t<div class=\"elementor-element elementor-element-f639003 e-flex e-con-boxed e-con e-parent\" data-id=\"f639003\" data-element_type=\"container\" data-settings=\"{&quot;wcf_enable_cursor_hover_effect_text&quot;:&quot;View&quot;,&quot;wcf-animation&quot;:&quot;none&quot;}\">\n\t\t\t\t\t<div class=\"e-con-inner\">\n\t\t<div class=\"elementor-element elementor-element-a521509 e-con-full e-flex e-con e-child\" data-id=\"a521509\" data-element_type=\"container\" data-settings=\"{&quot;wcf_enable_cursor_hover_effect_text&quot;:&quot;View&quot;,&quot;wcf-animation&quot;:&quot;none&quot;}\">\n\t\t\t\t<div class=\"elementor-element elementor-element-ed8cf5a wcf-t-animation-none elementor-widget elementor-widget-text-editor\" data-id=\"ed8cf5a\" data-element_type=\"widget\" data-settings=\"{&quot;wcf_text_animation&quot;:&quot;none&quot;,&quot;wcf-animation&quot;:&quot;none&quot;}\" data-widget_type=\"text-editor.default\">\n\t\t\t\t<div class=\"elementor-widget-container\">\n\t\t\t\t\t\t\t\t\t<h1>Privacy Policy<\/h1><p>\u00a0<\/p><p>La presente informativa \u00e8 resa ai sensi degli artt. 13 e 14 del Regolamento europeo 2016\/679 (di seguito, \u201cRegolamento o GDPR\u201d) a coloro che interagiscono con i servizi web del sito <a href=\"https:\/\/brenneroutlet.com\/de\/\">brenneroutlet.com<\/a> (d\u2019ora in avanti, \u201cSito\u201d).<br \/>Le presenti informazioni non riguardano altri siti, pagine o servizi online raggiungibili tramite link ipertestuali eventualmente pubblicati nel Sito ma riferiti a risorse esterne al dominio https:\/\/brenneroutlet.com\/it\/.<\/p><p>\u00a0<\/p><p><b>1. TITOLARE &#8211; RESPONSABILE DEL TRATTAMENTO dei DATI<\/b><br \/>&#8211; Il Titolare del trattamento dei dati personali \u00e8 Outlet Center Brennero Srl (nel proseguo per brevit\u00e0 OCB), codice fiscale e partita IVA 02396410215, in persona del legale rappresentante p.t., con sede in Via San Valentino 9\/A, I-39041 Brennero (BZ), email <a href=\"mailto:privacy@outletcenterbrenner.com\">privacy@outletcenterbrenner.com<\/a>, &#8211; Il Responsabile del trattamento dei dati personali, in quanto preposto alla gestione commerciale e alla promozione nonch\u00e9 alla gestione delle relazioni con gli interessati dell\u2019Outlet, \u00e8 Promos S.r.l. &#8211; C.F.\/P.IVA: 03123920179 \u2013 via San Zeno, 173 &#8211; 25124 Brescia (BS), Phone: +39 030 2422862 &#8211; Fax: +39 030 2422870, Email: privacy@promosgroup.it.<\/p><p>\u00a0<\/p><p><b>2. I PRINCIPI DEL TRATTAMENTO<\/b><br \/>Nel trattare i dati personali degli utenti, OCB far\u00e0 applicazione dei principi di liceit\u00e0, correttezza e trasparenza.<br \/>I dati personali: saranno raccolti per finalit\u00e0 determinate, esplicite e legittime (limitazione delle finalit\u00e0); saranno adeguati, pertinenti e limitati rispetto alle finalit\u00e0 per le quali sono trattati (minimizzazione dei dati); saranno sempre aggiornati ed esatti e conservati per un arco di tempo non superiore a quanto necessario per il perseguimento delle finalit\u00e0 del titolare (limitazione della conservazione). Dopo di che verranno cancellati. Infine, i dati personali verranno trattati adottando tutte le misure di sicurezza adeguate a garantirne l&#8217;integrit\u00e0 e non accessibilit\u00e0 da parte di terzi non autorizzati (integrit\u00e0, riservatezza e indisponibilit\u00e0).<\/p><p>\u00a0<\/p><p><b>3. DATI TRATTATI<\/b><br \/>a) Dati acquisiti durante la navigazione<br \/>I sistemi informatici e le procedure software preposte al funzionamento del Sito acquisiscono, nel corso del loro normale esercizio, alcuni dati personali la cui trasmissione \u00e8 implicita nell&#8217;uso dei protocolli di comunicazione di internet.<br \/>Si tratta di informazioni che non sono raccolte per essere associate a utenti identificati, ma che per loro stessa natura potrebbero, attraverso elaborazioni ed associazioni con dati detenuti da terzi, permettere di identificare gli utenti. In questa categoria di dati rientrano gli indirizzi IP o i nomi a dominio dei computer utilizzati dagli utenti che si connettono al Sito, gli indirizzi di notazione URI (Uniform Resource Identifier) delle risorse richieste, l&#8217;orario della richiesta, il metodo utilizzato nel sottoporre la richiesta al server, la dimensione del file ottenuto in risposta data dal server (buon fine, errore, ecc.) ed altri parametri relativi al sistema operativo e all&#8217;ambiente informatico degli utenti. Questi dati vengono utilizzati al solo fine di ricavare informazioni statistiche anonime sull&#8217;uso del Sito e per controllarne il corretto funzionamento. I dati potrebbero essere, altres\u00ec, utilizzati per l&#8217;accertamento di responsabilit\u00e0 in caso di ipotetici reati informatici in danno del Sito.<\/p><p>b) Dati forniti volontariamente dagli utenti<br \/>OCB, inoltre, raccoglie anche i dati personali forniti volontariamente dagli utenti in occasione della loro interazione con i servizi del Sito o di compilazione dei form di raccolta dei dati. O, ancora, in caso di richiesta della newsletter, della partecipazione a iniziative realizzate nel Sito, di informazioni e invio di comunicazioni.<br \/>Nelle sezioni del Sito in cui sono raccolti i dati personali degli utenti \u00e8 sempre presente il link a questa Privacy Policy o ad altre specifiche informative sul trattamento dei dati personali.<br \/>Nel caso in cui gli utenti, nel corso dell\u2019uso di servizi del Sito, forniscano dati personali di soggetti terzi, garantiscono di avergli fornito questa informativa e di avere acquisito il loro consenso alla comunicazione dei loro dati personali, se necessario.<\/p><p>c) Cookies<br \/>Al seguente link <a href=\"https:\/\/brenneroutlet.com\/de\/cookies\/\">https:\/\/brenneroutlet.com\/it\/cookies\/<\/a> si rinvia alla specifica Cookies Policy del Sito per avere tutte le informazioni necessarie sulla tipologia e sulle modalit\u00e0 di utilizzo dei cookies e di strumenti di tracciamento similari.<\/p><p>d) Informative specifiche<br \/>Nel caso di ulteriori raccolte di dati personali, saranno fornite specifiche informative agli interessati (es. Vip Club Card).<\/p><p>\u00a0<\/p><p><b>4. FINALITA\u2019 E BASE GIURIDICA DEL TRATTAMENTO.<\/b><\/p><p>I dati raccolti saranno trattati per le seguenti finalit\u00e0:<br \/>a) Navigazione nel sito web.<br \/>FINALIT\u00c0: permettere agli utenti di navigare nel Sito.<br \/>BASE GIURIDICA: necessit\u00e0 di dare esecuzione a specifiche richieste degli interessati e di dare esecuzione a contratti di cui i predetti sono parte.<br \/>NATURA DEL CONFERIMENTO: necessario se si vuole navigare nel Sito e usufruire dei relativi servizi.<\/p><p>b) Newsletter e altre attivit\u00e0 di marketing.<br \/>FINALIT\u00c0: permettere agli utenti l\u2019iscrizione alla newsletter e alle altre comunicazioni del titolare su promozioni, offerte, iniziative, etc. tramite posta elettronica, messaggi del tipo SMS, MMS o di altro tipo, nonch\u00e9 mediante modalit\u00e0 tradizionali (telefonate tramite operatore, posta cartacea). <br \/>BASE GIURIDICA: il consenso degli utenti. Una volta manifestato il proprio consenso, per non ricevere comunicazioni promozionali, gli utenti possono in qualsiasi momento revocarlo o comunicare la loro opposizione. Per opporsi \u00e8 sufficiente utilizzare la modalit\u00e0 \u201cUnsubscribe\u201d presente in ciascuna e-mail che viene inviata o contattare il titolare.<br \/>NATURA DEL CONFERIMENTO: il conferimento dei dati per l\u2019iscrizione alla newsletter e per ricevere altre comunicazioni promozionali del titolare, sebbene sia facoltativo, \u00e8 comunque necessario al fine della ricezione delle stesse.<\/p><p>\u00a0<\/p><p><b>5. MODALIT\u00c0 E DURATA DEL TRATTAMENTO<\/b><br \/>I dati personali degli utenti sono raccolti e trattati con strumenti elettronici e, in misura pi\u00f9 limitata, anche mediante strumenti manuali e solo per il tempo necessario al raggiungimento delle finalit\u00e0 del titolare. Le logiche e procedure di trattamento sono correlate alle finalit\u00e0 specificate in questa Privacy Policy. A seconda della specifica finalit\u00e0 di trattamento, i dati personali sono accessibili al personale autorizzato al trattamento, nonch\u00e9 ai responsabili del trattamento. Non sono utilizzati processi decisionali integralmente automatizzati che producono effetti giuridici per gli utenti o che incidono, in modo significativo, sulle loro persone.<\/p><p>I dati personali degli utenti saranno trattati per il tempo necessario a gestire la loro interazione con il Sito e ad assicurargli la fruizione dei relativi bene e\/o servizi. Esaurite dette finalit\u00e0, i dati saranno conservati per il tempo previsto dalla legge per finalit\u00e0 amministrative, contabili e fiscali e per far valere eventuali diritti ed interessi del titolare.<br \/>I dati trattati per finalit\u00e0 di marketing e per finalit\u00e0 di profilazione degli utenti sono trattati fino a revoca del consenso od opposizione al trattamento da parte degli utenti, conformemente ai pi\u00f9 recenti provvedimenti dell&#8217;Autorit\u00e0 Garante per la Protezione dei Dati Personali.<\/p><p>\u00a0<\/p><p><b>6. DESTINATARI DEI DATI PERSONALI<\/b><br \/>I dati personali potranno essere comunicati a soggetti terzi che svolgono attivit\u00e0 necessarie per l\u2019erogazione dei servizi offerti nel Sito, che tratteranno i dati in qualit\u00e0 di responsabili del trattamento o di autonomi titolarti. Precisamente, i dati saranno trattati dai seguenti soggetti o categorie di soggetti: <br \/>\u2022 Titolari di negozi e punti di ristoro dell\u2019outlet;<br \/>\u2022 societ\u00e0 collegate al titolare o partner commerciali che forniscono servizi IT;<br \/>\u2022 fornitori di servizi che agiscono per conto del titolare sulla base di accordi contrattuali, al fine di svolgere attivit\u00e0 legate alla gestione amministrativa, commerciale e pubblicitaria dell\u2019Outlet;<br \/>\u2022 societ\u00e0 e consulenti, in ambito di assistenza e consulenza legale, contabile e fiscale;<br \/>\u2022 soggetti che forniscono servizi per la gestione del sistema informativo e delle reti di telecomunicazioni, ivi compresa la posta elettronica;<br \/>\u2022 autorit\u00e0 competenti per l\u2019adempimento di obblighi di legge.<br \/>I dati trattati per finalit\u00e0 di fidelizzazione e invio di newsletter e altre comunicazioni commerciali non sono comunicati a soggetti terzi, ma possono essere trattati da societ\u00e0 esterne quali responsabili del trattamento, ai sensi dell\u2019art. 28 Regolamento.<br \/>Attraverso le icone dei Social network presenti nel Sito, alcuni dati degli utenti potrebbero essere trasmessi anche ai Social network. Rispetto a questi trattamenti, che sono effettuati all\u2019esterno di questo Sito, si rinvia alle loro specifiche informative privacy.<br \/>Tutti i soggetti che precedono sono obbligati a usare le informazioni ricevute solo per le finalit\u00e0 di trattamento sopra indicate, a mantenerle confidenziali, integre e non disponibili a terzi non autorizzati. I dati degli utenti non sono diffusi.<\/p><p>\u00a0<\/p><p><b>7. TRASFERIMENTO DEI DATI PERSONALI<\/b><br \/>I dati degli utenti potrebbero essere trasferiti fuori dall\u2019Unione Europea, se ivi fossero ubicati i server dei soggetti con i quali TAVOLERA ha stipulato appositi contratti. In tal caso, il titolare adotter\u00e0 garanzie adeguate, come prescritto dal Regolamento, in funzione di protezione dei dati personali degli utenti.<\/p><p>\u00a0<\/p><p><b>8. DIRITTI DEGLI INTERESSATI<\/b><br \/>Gli articoli da 15 a 22, Regolamento conferiscono agli utenti, nella qualit\u00e0 di interessati, l\u2019esercizio di specifici diritti. L&#8217;art. 15 riconosce agli utenti il diritto di accedere ai propri dati personali e di ottenerne copia. Il diritto di ottenere copia dei dati non deve ledere i diritti e le libert\u00e0 altrui.<br \/>Con la domanda d&#8217;accesso, gli utenti hanno diritto di ottenere dal titolare la conferma o meno se sia in corso un trattamento sui propri dati personali e di conoscere le finalit\u00e0 e le categorie di dati trattate, i soggetti terzi cui i dati sono comunicati e se i dati sono trasferiti in un paese extraeuropeo con garanzie adeguate. Gli utenti hanno, altres\u00ec, diritto di conoscere il tempo di conservazione dei propri dati personali, rispetto alle finalit\u00e0 sopraindicate.<br \/>Rispetto ai propri dati personali, gli utenti hanno il diritto di chiedere la rettifica dei dati inesatti e la integrazione di quelli incompleti, la cancellazione (diritto all&#8217;oblio) alle condizioni indicate dall&#8217;art. 17 del Regolamento, la limitazione del trattamento e la portabilit\u00e0 dei dati.<\/p><p>Gli utenti hanno poi il diritto di opporsi in qualsiasi momento o di revocare il proprio consenso al trattamento effettuato per finalit\u00e0 di marketing.<br \/>Per non ricevere pi\u00f9 comunicazioni di marketing (es. e-mail, sms) sar\u00e0 sufficiente scrivere in qualsiasi momento una e-mail all\u2019indirizzo <a href=\"mailto:privacy@outletcenterbrenner.com\">privacy@outletcenterbrenner.com<\/a> oggetto \u201ccancellami\u201d o utilizzare sistemi di cancellazione unsubscribe presenti nelle e-mail.<br \/>Il titolare fornir\u00e0 agli utenti anche attestazione che le operazioni che conseguono alle richieste di cui sopra sono state portate a conoscenza di coloro ai quali i dati siano stati eventualmente comunicati, eccettuato il caso in cui tale adempimento si riveli impossibile o comporti un impiego di mezzi manifestamente sproporzionato rispetto ai diritti tutelati.<br \/>Per esercitare i diritti di cui sopra \u00e8 necessario contattare il titolare all&#8217;indirizzo e-mail <a href=\"mailto:privacy@outletcenterbrenner.com\">privacy@outletcenterbrenner.com<\/a>, oppure all&#8217;indirizzo della sua sede legale.<br \/>Per fornire una risposta potrebbe essere necessario identificare gli utenti mediante richiesta di fornire copia del loro documento d&#8217;identit\u00e0. Il titolare fornir\u00e0 un riscontro scritto senza ingiustificato ritardo e, comunque, non pi\u00f9 tardi di un mese dal ricevimento della richiesta stessa.<\/p><p>\u00a0<\/p><p><b>9. RECLAMO ALLA AUTORIT\u00c0 GARANTE PER LA PROTEZIONE DEI DATI PERSONALI<\/b><br \/>Gli utenti che ritengano che il trattamento dei propri dati personali violi le disposizioni del Regolamento o la normativa in materia di protezione dei dati personali, hanno diritto di proporre reclamo alla Autorit\u00e0 Garante per la Protezione dei Dati Personali con sede in Roma, ai sensi dell&#8217;art. 77, Regolamento, oltre che agire innanzi all&#8217;Autorit\u00e0 giudiziaria.<\/p><p>\u00a0<\/p><p><b>10. AGGIORNAMENTI<\/b><br \/>La presente privacy policy pu\u00f2 subire modifiche e\/o integrazioni a seguito di eventuali successive modifiche e\/o integrazioni normative, all\u2019aggiornamento o erogazione di nuovi servizi ovvero ad intervenute innovazioni tecnologiche. Eventuali modifiche verranno pubblicate sul Sito e, se del caso, notificate agli utenti via e-mail.<\/p>\t\t\t\t\t\t\t\t<\/div>\n\t\t\t\t<\/div>\n\t\t\t\t<\/div>\n\t\t<div class=\"elementor-element elementor-element-d2024a2 e-con-full e-flex e-con e-child\" data-id=\"d2024a2\" data-element_type=\"container\" data-settings=\"{&quot;wcf_enable_cursor_hover_effect_text&quot;:&quot;View&quot;,&quot;wcf-animation&quot;:&quot;none&quot;}\">\n\t\t\t\t<\/div>\n\t\t\t\t\t<\/div>\n\t\t\t\t<\/div>\n\t\t\t\t<\/div>\n\t\t","protected":false},"excerpt":{"rendered":"<p>Privacy Policy \u00a0 La presente informativa \u00e8 resa ai sensi degli artt. 13 e 14 del Regolamento europeo 2016\/679 (di seguito, \u201cRegolamento o GDPR\u201d) a coloro che interagiscono con i servizi web del sito brenneroutlet.com (d\u2019ora in avanti, \u201cSito\u201d).Le presenti informazioni non riguardano altri siti, pagine o servizi online raggiungibili tramite link ipertestuali eventualmente pubblicati [&hellip;]<\/p>\n","protected":false},"author":1,"featured_media":0,"parent":0,"menu_order":0,"comment_status":"closed","ping_status":"closed","template":"","meta":{"_acf_changed":false,"footnotes":""},"class_list":["post-12836","page","type-page","status-publish","hentry"],"acf":[],"publishpress_future_action":{"enabled":false,"date":"2026-05-08 03:53:29","action":"change-status","newStatus":"draft","terms":[],"taxonomy":"translation_priority"},"publishpress_future_workflow_manual_trigger":{"enabledWorkflows":[]},"_links":{"self":[{"href":"https:\/\/brenneroutlet.com\/de\/wp-json\/wp\/v2\/pages\/12836","targetHints":{"allow":["GET"]}}],"collection":[{"href":"https:\/\/brenneroutlet.com\/de\/wp-json\/wp\/v2\/pages"}],"about":[{"href":"https:\/\/brenneroutlet.com\/de\/wp-json\/wp\/v2\/types\/page"}],"author":[{"embeddable":true,"href":"https:\/\/brenneroutlet.com\/de\/wp-json\/wp\/v2\/users\/1"}],"replies":[{"embeddable":true,"href":"https:\/\/brenneroutlet.com\/de\/wp-json\/wp\/v2\/comments?post=12836"}],"version-history":[{"count":4,"href":"https:\/\/brenneroutlet.com\/de\/wp-json\/wp\/v2\/pages\/12836\/revisions"}],"predecessor-version":[{"id":12840,"href":"https:\/\/brenneroutlet.com\/de\/wp-json\/wp\/v2\/pages\/12836\/revisions\/12840"}],"wp:attachment":[{"href":"https:\/\/brenneroutlet.com\/de\/wp-json\/wp\/v2\/media?parent=12836"}],"curies":[{"name":"wp","href":"https:\/\/api.w.org\/{rel}","templated":true}]}}