{"id":12608,"date":"2025-05-08T12:02:01","date_gmt":"2025-05-08T10:02:01","guid":{"rendered":"https:\/\/brenneroutlet.com\/anreise\/"},"modified":"2025-06-11T16:46:04","modified_gmt":"2025-06-11T14:46:04","slug":"anreise","status":"publish","type":"page","link":"https:\/\/brenneroutlet.com\/de\/anreise\/","title":{"rendered":"Anreise"},"content":{"rendered":"\t\t<div data-elementor-type=\"wp-page\" data-elementor-id=\"12608\" class=\"elementor elementor-12608 elementor-11229\" data-elementor-post-type=\"page\">\n\t\t\t\t<div class=\"elementor-element elementor-element-61ffafa e-flex e-con-boxed e-con e-parent\" data-id=\"61ffafa\" data-element_type=\"container\" data-settings=\"{&quot;background_background&quot;:&quot;classic&quot;,&quot;wcf_enable_pin_area&quot;:&quot;yes&quot;,&quot;wcf_enable_cursor_hover_effect_text&quot;:&quot;View&quot;,&quot;wcf-animation&quot;:&quot;none&quot;,&quot;wcf_pin_status&quot;:&quot;true&quot;,&quot;wcf_pin_spacing&quot;:&quot;false&quot;,&quot;wcf_pin_type&quot;:&quot;transform&quot;,&quot;wcf_pin_scrub&quot;:&quot;false&quot;,&quot;wcf_pin_markers&quot;:&quot;false&quot;,&quot;wcf_pin_area_start&quot;:&quot;top top&quot;,&quot;wcf_pin_area_end&quot;:&quot;bottom top&quot;,&quot;wcf_pin_breakpoint&quot;:&quot;mobile&quot;}\">\n\t\t\t\t\t<div class=\"e-con-inner\">\n\t\t\t\t\t<\/div>\n\t\t\t\t<\/div>\n\t\t<div class=\"elementor-element elementor-element-2d6e9e9b e-con-full e-flex e-con e-parent\" data-id=\"2d6e9e9b\" data-element_type=\"container\" id=\"arrivare\" data-settings=\"{&quot;background_background&quot;:&quot;classic&quot;,&quot;wcf_enable_cursor_hover_effect_text&quot;:&quot;View&quot;,&quot;wcf_pin_area_start&quot;:&quot;bottom bottom&quot;,&quot;wcf_enable_pin_area&quot;:&quot;yes&quot;,&quot;wcf-animation&quot;:&quot;none&quot;,&quot;wcf_pin_status&quot;:&quot;true&quot;,&quot;wcf_pin_spacing&quot;:&quot;false&quot;,&quot;wcf_pin_type&quot;:&quot;transform&quot;,&quot;wcf_pin_scrub&quot;:&quot;false&quot;,&quot;wcf_pin_markers&quot;:&quot;false&quot;,&quot;wcf_pin_area_end&quot;:&quot;bottom top&quot;,&quot;wcf_pin_breakpoint&quot;:&quot;mobile&quot;}\">\n\t\t<div class=\"elementor-element elementor-element-7bbf7840 e-flex e-con-boxed e-con e-child\" data-id=\"7bbf7840\" data-element_type=\"container\" id=\"arrivare\" data-settings=\"{&quot;wcf_enable_cursor_hover_effect_text&quot;:&quot;View&quot;,&quot;wcf-animation&quot;:&quot;none&quot;}\">\n\t\t\t\t\t<div class=\"e-con-inner\">\n\t\t\t\t<div class=\"elementor-element elementor-element-48c840c wcf-t-animation-none elementor-widget elementor-widget-wcf--title\" data-id=\"48c840c\" data-element_type=\"widget\" data-settings=\"{&quot;wcf_text_animation&quot;:&quot;none&quot;,&quot;wcf-animation&quot;:&quot;none&quot;}\" data-widget_type=\"wcf--title.default\">\n\t\t\t\t<div class=\"elementor-widget-container\">\n\t\t\t\t\t<h2 class=\"wcf--title\">Anreise.\n<\/h2>\t\t\t\t<\/div>\n\t\t\t\t<\/div>\n\t\t\t\t<div class=\"elementor-element elementor-element-401049a elementor-widget elementor-widget-global elementor-global-15795 elementor-global-11416 elementor-widget-wcf--nav-menu\" data-id=\"401049a\" data-element_type=\"widget\" data-settings=\"{&quot;onpsc_duration&quot;:1,&quot;ease_type&quot;:&quot;power2.out&quot;,&quot;wcf-animation&quot;:&quot;none&quot;}\" data-widget_type=\"wcf--nav-menu.default\">\n\t\t\t\t<div class=\"elementor-widget-container\">\n\t\t\t\t\t        <style>\r\n            .wcf__nav-menu{display:none}.wcf__nav-menu svg{width:1em;height:1em}.wcf__nav-menu .wcf-submenu-indicator{display:inline-flex;justify-content:center;align-items:center;margin-left:auto;padding-left:5px}.wcf__nav-menu .wcf-menu-badge{display:none;font-size:12px;font-weight:500;line-height:1;position:absolute;right:15px;padding:5px 10px;border-radius:5px;background-color:var(--badge-bg);box-shadow:0 2px 5px 2px rgba(0,0,0,.1);margin-top:-22px}.wcf__nav-menu .wcf-menu-badge:after{content:\"\";position:absolute;top:100%;left:50%;transform:translateX(-50%);border:5px solid var(--badge-bg);border-bottom-color:transparent!important;border-inline-end-color:transparent!important;border-inline-end-width:7px;border-inline-start-width:0}.wcf__nav-menu .wcf-menu-hamburger{margin-left:auto;cursor:pointer;font-size:25px;padding:4px 8px;border:1px solid #dee1e7;outline:0;background:0 0;line-height:1;display:inline-flex;align-items:center;justify-content:center}.wcf__nav-menu.mobile-menu-active{display:block}.wcf__nav-menu.mobile-menu-active .wcf-submenu-indicator{padding:8px 10px;margin:-8px -10px -8px auto}.wcf__nav-menu.mobile-menu-active .wcf-menu-hamburger{display:inline-block}.wcf__nav-menu.mobile-menu-active .wcf-menu-close{align-self:flex-end;margin:10px 10px 10px auto;padding:8px 10px;border:1px solid #555;outline:0;background:0 0;font-size:15px;line-height:1;cursor:pointer;display:inline-flex;align-items:center;justify-content:center;border-radius:50%;min-width:40px;min-height:40px}.wcf__nav-menu.mobile-menu-active .wcf-menu-overlay{position:fixed;top:0;left:0;z-index:1000;background-color:rgba(0,0,0,.5);height:100%;width:100%;transition:.4s;opacity:0;visibility:hidden}.wcf__nav-menu.mobile-menu-active.wcf-nav-is-toggled .wcf-nav-menu-container{transform:translateX(0)!important}.wcf__nav-menu.mobile-menu-active.wcf-nav-is-toggled .wcf-menu-overlay{opacity:1;visibility:visible}.wcf__nav-menu.mobile-menu-active .wcf-nav-menu-container{display:flex;flex-direction:column;position:fixed;z-index:1001;top:0;bottom:0;width:250px;background-color:#fff;overflow-y:auto;overflow-x:hidden;-webkit-overflow-scrolling:touch;transition:.45s}.wcf__nav-menu.mobile-menu-active .wcf-nav-menu-container .wcf-nav-menu-nav{flex:0 0 100%;padding:0;margin:0;order:1}.wcf__nav-menu.mobile-menu-active .menu-item{list-style:none}.wcf__nav-menu.mobile-menu-active .menu-item:not(:last-child) a{border-bottom:solid 1px #dee1e7}.wcf__nav-menu.mobile-menu-active .menu-item a{text-decoration:none;display:flex;padding:.5em 1em;font-size:1rem;line-height:1.5em;transition:.4s}.wcf__nav-menu.mobile-menu-active .menu-item-has-children .sub-menu{position:absolute;top:0;left:0;width:100%;height:100%;background:#fff;transform:translateX(100%);transition:.3s;visibility:hidden;padding:0;margin:0;flex:0 0 100%}.wcf__nav-menu.mobile-menu-active .menu-item-has-children .sub-menu .nav-back-link{display:flex;align-items:center;background-color:#064af3;color:#fff;border:none!important}.wcf__nav-menu.mobile-menu-active .menu-item-has-children.active>.sub-menu{transform:translateX(0);visibility:visible}.wcf__nav-menu.mobile-menu-active .wcf-mega-menu .sub-menu{display:none}.wcf__nav-menu.mobile-menu-active .wcf-mega-menu .wcf-mega-menu-panel{display:none;max-width:100%!important;transition:.3s;opacity:0;visibility:hidden}.wcf__nav-menu.mobile-menu-active .wcf-mega-menu.active>.wcf-mega-menu-panel{display:block;opacity:1;visibility:visible}.wcf__nav-menu.mobile-menu-active .wcf-mega-menu.mobile-wp-submenu .wcf-mega-menu-panel{display:none!important}.wcf__nav-menu.mobile-menu-active .wcf-mega-menu.mobile-wp-submenu .sub-menu{display:block}.wcf__nav-menu.mobile-menu-active.mobile-menu-right .wcf-nav-menu-container{transform:translateX(100%);right:0}.wcf__nav-menu.mobile-menu-active.mobile-menu-left .wcf-nav-menu-container{transform:translateX(-100%);left:0}.wcf__nav-menu.desktop-menu-active{display:block}.wcf__nav-menu.desktop-menu-active .wcf-menu-close,.wcf__nav-menu.desktop-menu-active .wcf-menu-hamburger{display:none}.wcf__nav-menu.desktop-menu-active .wcf-menu-badge{display:block}.wcf__nav-menu.desktop-menu-active .wcf-nav-menu-nav{display:flex;flex-wrap:wrap;margin:0;padding:0}.wcf__nav-menu.desktop-menu-active .wcf-nav-menu-nav.menu-layout-vertical{flex-direction:column}.wcf__nav-menu.desktop-menu-active .wcf-nav-menu-nav.menu-layout-vertical .menu-item-has-children .sub-menu,.wcf__nav-menu.desktop-menu-active .wcf-nav-menu-nav.menu-layout-vertical .wcf-mega-menu .wcf-mega-menu-panel{left:100%;top:auto}.wcf__nav-menu.desktop-menu-active .menu-item{list-style:none;position:relative;white-space:nowrap}.wcf__nav-menu.desktop-menu-active .menu-item a{position:relative;text-decoration:none;display:flex;padding:.5em 1em;transition:.4s;color:#1c1d20;fill:#1c1d20}.wcf__nav-menu.desktop-menu-active .menu-item a:after{content:\"\";position:absolute;left:0;transition:transform .25s ease-out;transform:scaleX(0);transform-origin:bottom right;height:2px;width:100%;background-color:#3f444b;z-index:2}.wcf__nav-menu.desktop-menu-active .menu-item-has-children .sub-menu{position:absolute;top:100%;left:0;transform:translateY(-10px);background:#fff;transition:.3s;padding:0;margin:0;box-shadow:2px 2px 6px rgba(0,0,0,.2);min-width:12em;z-index:99;opacity:0;visibility:hidden}.wcf__nav-menu.desktop-menu-active .menu-item-has-children .sub-menu a{border-top:solid 1px #dee1e7}.wcf__nav-menu.desktop-menu-active .menu-item-has-children .sub-menu .sub-menu{top:0;left:100%}.wcf__nav-menu.desktop-menu-active .menu-item-has-children:not(.wcf-mega-menu):hover>.sub-menu{transform:translateY(0);opacity:1;visibility:visible}.wcf__nav-menu.desktop-menu-active .wcf-mega-menu.mega-position-static{position:static!important}.wcf__nav-menu.desktop-menu-active .wcf-mega-menu .wcf-mega-menu-panel{position:absolute;top:100%;left:0;transform:translateY(-10px);transition:.3s;padding:0;margin:0;min-width:12em;z-index:99;opacity:0;visibility:hidden}.wcf__nav-menu.desktop-menu-active .wcf-mega-menu:hover>.wcf-mega-menu-panel{transform:translateY(0);opacity:1;visibility:visible}.wcf__nav-menu.desktop-menu-active.hover-pointer-dot a:after{width:6px;height:6px;border-radius:100px;bottom:0;left:50%;transform:translateX(-50%) scale(0);transform-origin:center}.wcf__nav-menu.desktop-menu-active.hover-pointer-dot a:hover:after{transform:translateX(-50%) scale(1)}.wcf__nav-menu.desktop-menu-active.hover-pointer-underline a:after{bottom:0}.wcf__nav-menu.desktop-menu-active.hover-pointer-underline a:hover:after{transform:scaleX(1);transform-origin:bottom left}.wcf__nav-menu.desktop-menu-active.hover-pointer-overline a:after{top:0}.wcf__nav-menu.desktop-menu-active.hover-pointer-overline a:hover:after{transform:scaleX(1);transform-origin:bottom left}.wcf__nav-menu.desktop-menu-active.hover-pointer-line-through a:after{top:50%;transform:translateY(-50%) scaleX(0)}.wcf__nav-menu.desktop-menu-active.hover-pointer-line-through a:hover:after{transform:translateY(-50%) scaleX(1);transform-origin:bottom left}.wcf__nav-menu.desktop-menu-active.hover-pointer-flip a .menu-text{position:relative;transition:transform .3s;transform-origin:50% 0;transform-style:preserve-3d}.wcf__nav-menu.desktop-menu-active.hover-pointer-flip a .menu-text:before{position:absolute;top:100%;left:0;width:100%;height:100%;content:attr(data-text);transform:rotateX(-90deg);transform-origin:50% 0;text-align:center}.wcf__nav-menu.desktop-menu-active.hover-pointer-flip a:hover .menu-text{transform:rotateX(90deg) translateY(-12px)}\r\n        <\/style>\r\n        <div class=\"mobile-sub-back\" style=\"display: none\">\r\n\t\t\t<svg aria-hidden=\"true\" class=\"e-font-icon-svg e-fas-arrow-left\" viewBox=\"0 0 448 512\" xmlns=\"http:\/\/www.w3.org\/2000\/svg\"><path d=\"M257.5 445.1l-22.2 22.2c-9.4 9.4-24.6 9.4-33.9 0L7 273c-9.4-9.4-9.4-24.6 0-33.9L201.4 44.7c9.4-9.4 24.6-9.4 33.9 0l22.2 22.2c9.5 9.5 9.3 25-.4 34.3L136.6 216H424c13.3 0 24 10.7 24 24v32c0 13.3-10.7 24-24 24H136.6l120.5 114.8c9.8 9.3 10 24.8.4 34.3z\"><\/path><\/svg>\t\t\tBack        <\/div>\r\n\r\n        <div class=\"wcf__nav-menu desktop-menu-active mobile-menu-right hover-pointer-underline\">\r\n            <button class=\"wcf-menu-hamburger\" type=\"button\" aria-label=\"hamburger-icon\">\r\n\t            <svg aria-hidden=\"true\" class=\"e-font-icon-svg e-fas-bars\" viewBox=\"0 0 448 512\" xmlns=\"http:\/\/www.w3.org\/2000\/svg\"><path d=\"M16 132h416c8.837 0 16-7.163 16-16V76c0-8.837-7.163-16-16-16H16C7.163 60 0 67.163 0 76v40c0 8.837 7.163 16 16 16zm0 160h416c8.837 0 16-7.163 16-16v-40c0-8.837-7.163-16-16-16H16c-8.837 0-16 7.163-16 16v40c0 8.837 7.163 16 16 16zm0 160h416c8.837 0 16-7.163 16-16v-40c0-8.837-7.163-16-16-16H16c-8.837 0-16 7.163-16 16v40c0 8.837 7.163 16 16 16z\"><\/path><\/svg>            <\/button>\r\n\t\t\t<div class=\"wcf-nav-menu-container\"><ul id=\"menu-menu-info-de\" class=\"wcf-nav-menu-nav menu-layout-horizontal\"><li id=\"menu-item-13909\" class=\"menu-item menu-item-type-post_type menu-item-object-page menu-item-13909\"><a href=\"https:\/\/brenneroutlet.com\/de\/outlet\/\" class=\"wcf-nav-item\">Outlet<\/a><\/li>\n<li id=\"menu-item-13908\" class=\"menu-item menu-item-type-post_type menu-item-object-page menu-item-13908\"><a href=\"https:\/\/brenneroutlet.com\/de\/oeffnungszeiten\/\" class=\"wcf-nav-item\">\u00d6ffnungszeiten<\/a><\/li>\n<li id=\"menu-item-13906\" class=\"menu-item menu-item-type-post_type menu-item-object-page menu-item-13906\"><a href=\"https:\/\/brenneroutlet.com\/de\/anreise\/\" class=\"wcf-nav-item\">Anreise<\/a><\/li>\n<li id=\"menu-item-13907\" class=\"menu-item menu-item-type-post_type menu-item-object-page menu-item-13907\"><a href=\"https:\/\/brenneroutlet.com\/de\/parkplaetze\/\" class=\"wcf-nav-item\">Parkpl\u00e4tze<\/a><\/li>\n<li id=\"menu-item-13910\" class=\"menu-item menu-item-type-post_type menu-item-object-page menu-item-13910\"><a href=\"https:\/\/brenneroutlet.com\/de\/services\/\" class=\"wcf-nav-item\">Services<\/a><\/li>\n<\/ul><button class=\"wcf-menu-close\" type=\"button\"><svg aria-hidden=\"true\" class=\"e-font-icon-svg e-fas-times\" viewBox=\"0 0 352 512\" xmlns=\"http:\/\/www.w3.org\/2000\/svg\"><path d=\"M242.72 256l100.07-100.07c12.28-12.28 12.28-32.19 0-44.48l-22.24-22.24c-12.28-12.28-32.19-12.28-44.48 0L176 189.28 75.93 89.21c-12.28-12.28-32.19-12.28-44.48 0L9.21 111.45c-12.28 12.28-12.28 32.19 0 44.48L109.28 256 9.21 356.07c-12.28 12.28-12.28 32.19 0 44.48l22.24 22.24c12.28 12.28 32.2 12.28 44.48 0L176 322.72l100.07 100.07c12.28 12.28 32.2 12.28 44.48 0l22.24-22.24c12.28-12.28 12.28-32.19 0-44.48L242.72 256z\"><\/path><\/svg><\/button><\/div>            <div class=\"wcf-menu-overlay\"><\/div>\r\n\t\t<\/div>\r\n\t\t\r\n\t\t\t\t\t\t<\/div>\n\t\t\t\t<\/div>\n\t\t\t\t<div class=\"elementor-element elementor-element-a0862de elementor-widget__width-initial wcf-t-animation-none elementor-widget elementor-widget-text-editor\" data-id=\"a0862de\" data-element_type=\"widget\" data-settings=\"{&quot;wcf_text_animation&quot;:&quot;none&quot;,&quot;wcf-animation&quot;:&quot;none&quot;}\" data-widget_type=\"text-editor.default\">\n\t\t\t\t<div class=\"elementor-widget-container\">\n\t\t\t\t\t\t\t\t\t<h4 class=\"p1\"><span style=\"color: #000000;\">Das Brenner Outlet erwartet dich am <strong>Brennerpass<\/strong> \u2013 direkt an <strong>der Grenze zwischen Italien und \u00d6sterreich<\/strong>, auf 1.370 Metern H\u00f6he im Herzen der Alpen. Ein einzigartiger Treffpunkt zweier Kulturen \u2013 ideal f\u00fcr Reisende aus dem Norden oder S\u00fcden. Ob mit dem <strong>Auto<\/strong>, dem <strong>Zug<\/strong> oder dem <strong>Bus<\/strong>: Die Anreise ist ganz einfach und bietet dir die erste oder letzte Gelegenheit f\u00fcr exklusives und g\u00fcnstiges Shopping vor oder <strong>nach dem Grenz\u00fcbertritt<\/strong>.<\/span><\/h4>\t\t\t\t\t\t\t\t<\/div>\n\t\t\t\t<\/div>\n\t\t\t\t\t<\/div>\n\t\t\t\t<\/div>\n\t\t<div class=\"elementor-element elementor-element-1a65c4e e-grid e-con-boxed e-con e-child\" data-id=\"1a65c4e\" data-element_type=\"container\" data-settings=\"{&quot;wcf_enable_cursor_hover_effect_text&quot;:&quot;View&quot;,&quot;wcf-animation&quot;:&quot;none&quot;}\">\n\t\t\t\t\t<div class=\"e-con-inner\">\n\t\t<div class=\"elementor-element elementor-element-d29e47d e-con-full e-flex e-con e-child\" data-id=\"d29e47d\" data-element_type=\"container\" data-settings=\"{&quot;wcf_enable_cursor_hover_effect_text&quot;:&quot;View&quot;,&quot;wcf-animation&quot;:&quot;none&quot;}\">\n\t\t<div class=\"elementor-element elementor-element-5e1ffbc e-con-full e-flex e-con e-child\" data-id=\"5e1ffbc\" data-element_type=\"container\" data-settings=\"{&quot;wcf_enable_cursor_hover_effect_text&quot;:&quot;View&quot;,&quot;wcf-animation&quot;:&quot;none&quot;}\">\n\t\t\t\t<div class=\"elementor-element elementor-element-b2c851a elementor-widget__width-initial wcf-t-animation-none elementor-widget elementor-widget-text-editor\" data-id=\"b2c851a\" data-element_type=\"widget\" data-settings=\"{&quot;wcf_text_animation&quot;:&quot;none&quot;,&quot;wcf-animation&quot;:&quot;none&quot;}\" data-widget_type=\"text-editor.default\">\n\t\t\t\t<div class=\"elementor-widget-container\">\n\t\t\t\t\t\t\t\t\t<h4 class=\"p1\" style=\"text-align: left;\">Aus Italien \u00fcber die <strong>A22, Ausfahrt Brennero S\u00fcd<\/strong> \u2013 aus \u00d6sterreich \u00fcber die <strong>A13, Ausfahrt Brenner Nord<\/strong>.<\/h4>\t\t\t\t\t\t\t\t<\/div>\n\t\t\t\t<\/div>\n\t\t\t\t<div class=\"elementor-element elementor-element-b567a12 wcf-t-animation-none elementor-widget elementor-widget-text-editor\" data-id=\"b567a12\" data-element_type=\"widget\" data-settings=\"{&quot;wcf_text_animation&quot;:&quot;none&quot;,&quot;wcf-animation&quot;:&quot;none&quot;}\" data-widget_type=\"text-editor.default\">\n\t\t\t\t<div class=\"elementor-widget-container\">\n\t\t\t\t\t\t\t\t\t<h3><strong>Adresse<\/strong><\/h3><h4>\u00a0<\/h4><h4>Brenner Outlet<br \/>St. Valentin Stra\u00dfe 9\/A<br \/>I-39041 Brenner<\/h4>\t\t\t\t\t\t\t\t<\/div>\n\t\t\t\t<\/div>\n\t\t\t\t<div class=\"elementor-element elementor-element-64147ca elementor-widget elementor-widget-google_maps\" data-id=\"64147ca\" data-element_type=\"widget\" data-settings=\"{&quot;wcf-animation&quot;:&quot;none&quot;}\" data-widget_type=\"google_maps.default\">\n\t\t\t\t<div class=\"elementor-widget-container\">\n\t\t\t\t\t\t\t<div class=\"elementor-custom-embed\">\n\t\t\t<iframe\n\t\t\t\t\tdata-src=\"https:\/\/maps.google.com\/maps?q=brenner%20outlet&#038;t=m&#038;z=10&#038;output=embed&#038;iwloc=near\"\n\t\t\t\t\ttitle=\"brenner outlet\"\n\t\t\t\t\taria-label=\"brenner outlet\"\n\t\t\t src=\"data:image\/svg+xml;base64,PHN2ZyB3aWR0aD0iMSIgaGVpZ2h0PSIxIiB4bWxucz0iaHR0cDovL3d3dy53My5vcmcvMjAwMC9zdmciPjwvc3ZnPg==\" class=\"lazyload\" data-load-mode=\"1\"><\/iframe>\n\t\t<\/div>\n\t\t\t\t\t\t<\/div>\n\t\t\t\t<\/div>\n\t\t\t\t<\/div>\n\t\t<div class=\"elementor-element elementor-element-8b1d900 e-con-full e-grid e-con e-child\" data-id=\"8b1d900\" data-element_type=\"container\" data-settings=\"{&quot;wcf_enable_cursor_hover_effect_text&quot;:&quot;View&quot;,&quot;wcf-animation&quot;:&quot;none&quot;}\">\n\t\t\t\t<div class=\"elementor-element elementor-element-60bc7e9 elementor-widget elementor-widget-image\" data-id=\"60bc7e9\" data-element_type=\"widget\" data-settings=\"{&quot;wcf-image-animation&quot;:&quot;none&quot;,&quot;wcf-animation&quot;:&quot;none&quot;}\" data-widget_type=\"image.default\">\n\t\t\t\t<div class=\"elementor-widget-container\">\n\t\t\t\t\t\t\t\t\t\t\t\t\t\t\t<img decoding=\"async\" data-src=\"https:\/\/brenneroutlet.com\/wp-content\/uploads\/2025\/05\/auto.svg\" class=\"attachment-full size-full wp-image-11275 lazyload\" alt=\"\" src=\"data:image\/svg+xml;base64,PHN2ZyB3aWR0aD0iMSIgaGVpZ2h0PSIxIiB4bWxucz0iaHR0cDovL3d3dy53My5vcmcvMjAwMC9zdmciPjwvc3ZnPg==\" \/>\t\t\t\t\t\t\t\t\t\t\t\t\t\t\t<\/div>\n\t\t\t\t<\/div>\n\t\t\t\t<div class=\"elementor-element elementor-element-ef49b8a wcf-t-animation-none elementor-widget elementor-widget-text-editor\" data-id=\"ef49b8a\" data-element_type=\"widget\" data-settings=\"{&quot;wcf_text_animation&quot;:&quot;none&quot;,&quot;wcf-animation&quot;:&quot;none&quot;}\" data-widget_type=\"text-editor.default\">\n\t\t\t\t<div class=\"elementor-widget-container\">\n\t\t\t\t\t\t\t\t\t<h5 style=\"text-align: left;\"><strong>Mit dem Auto<\/strong><\/h5><h4 style=\"text-align: left;\"> <\/h4><p style=\"text-align: left;\"><strong>F\u00fcr Anreisende aus dem Norden<\/strong><\/p><p style=\"text-align: left;\">A13 aus \u00d6sterreich, Ausfahrt Brenner Nord<\/p><p style=\"text-align: left;\"><strong>F\u00fcr Anreisende aus dem S\u00fcden<\/strong><br>A22 aus Italien, Ausfahrt Brennero S\u00fcd<\/p>\t\t\t\t\t\t\t\t<\/div>\n\t\t\t\t<\/div>\n\t\t\t\t<div class=\"elementor-element elementor-element-6bff747 elementor-widget elementor-widget-image\" data-id=\"6bff747\" data-element_type=\"widget\" data-settings=\"{&quot;wcf-image-animation&quot;:&quot;none&quot;,&quot;wcf-animation&quot;:&quot;none&quot;}\" data-widget_type=\"image.default\">\n\t\t\t\t<div class=\"elementor-widget-container\">\n\t\t\t\t\t\t\t\t\t\t\t\t\t\t\t<img decoding=\"async\" width=\"1\" height=\"1\" data-src=\"https:\/\/brenneroutlet.com\/wp-content\/uploads\/2025\/05\/treno.svg\" class=\"attachment-large size-large wp-image-11278 lazyload\" alt=\"\" src=\"data:image\/svg+xml;base64,PHN2ZyB3aWR0aD0iMSIgaGVpZ2h0PSIxIiB4bWxucz0iaHR0cDovL3d3dy53My5vcmcvMjAwMC9zdmciPjwvc3ZnPg==\" style=\"--smush-placeholder-width: 1px; --smush-placeholder-aspect-ratio: 1\/1;\" \/>\t\t\t\t\t\t\t\t\t\t\t\t\t\t\t<\/div>\n\t\t\t\t<\/div>\n\t\t\t\t<div class=\"elementor-element elementor-element-279375c wcf-t-animation-none elementor-widget elementor-widget-text-editor\" data-id=\"279375c\" data-element_type=\"widget\" data-settings=\"{&quot;wcf_text_animation&quot;:&quot;none&quot;,&quot;wcf-animation&quot;:&quot;none&quot;}\" data-widget_type=\"text-editor.default\">\n\t\t\t\t<div class=\"elementor-widget-container\">\n\t\t\t\t\t\t\t\t\t<h5 style=\"text-align: left;\"><strong>Mit dem Zug<\/strong><\/h5>\n<p style=\"text-align: left;\">Das Brenner Outlet ist auch bequem mit dem Zug erreichbar. Der Bahnhof Brenner liegt nur 2 Gehminuten vom Brenner Outlet entfernt.<\/p>\t\t\t\t\t\t\t\t<\/div>\n\t\t\t\t<\/div>\n\t\t\t\t<\/div>\n\t\t\t\t<\/div>\n\t\t\t\t<div class=\"elementor-element elementor-element-757acfb elementor-widget elementor-widget-image\" data-id=\"757acfb\" data-element_type=\"widget\" data-settings=\"{&quot;wcf-image-animation&quot;:&quot;none&quot;,&quot;wcf-animation&quot;:&quot;none&quot;}\" data-widget_type=\"image.default\">\n\t\t\t\t<div class=\"elementor-widget-container\">\n\t\t\t\t\t\t\t\t\t\t\t\t\t\t\t<img decoding=\"async\" data-src=\"https:\/\/brenneroutlet.com\/wp-content\/uploads\/2025\/06\/mappa-autostrada_black-1.svg\" class=\"attachment-full size-full wp-image-15086 lazyload\" alt=\"\" src=\"data:image\/svg+xml;base64,PHN2ZyB3aWR0aD0iMSIgaGVpZ2h0PSIxIiB4bWxucz0iaHR0cDovL3d3dy53My5vcmcvMjAwMC9zdmciPjwvc3ZnPg==\" \/>\t\t\t\t\t\t\t\t\t\t\t\t\t\t\t<\/div>\n\t\t\t\t<\/div>\n\t\t\t\t\t<\/div>\n\t\t\t\t<\/div>\n\t\t\t\t<\/div>\n\t\t<div class=\"elementor-element elementor-element-f5e4cfc e-flex e-con-boxed e-con e-parent\" data-id=\"f5e4cfc\" data-element_type=\"container\" data-settings=\"{&quot;background_background&quot;:&quot;classic&quot;,&quot;wcf_enable_cursor_hover_effect_text&quot;:&quot;View&quot;,&quot;wcf_enable_pin_area&quot;:&quot;yes&quot;,&quot;wcf-animation&quot;:&quot;none&quot;,&quot;wcf_pin_status&quot;:&quot;true&quot;,&quot;wcf_pin_spacing&quot;:&quot;false&quot;,&quot;wcf_pin_type&quot;:&quot;transform&quot;,&quot;wcf_pin_scrub&quot;:&quot;false&quot;,&quot;wcf_pin_markers&quot;:&quot;false&quot;,&quot;wcf_pin_area_start&quot;:&quot;top top&quot;,&quot;wcf_pin_area_end&quot;:&quot;bottom top&quot;,&quot;wcf_pin_breakpoint&quot;:&quot;mobile&quot;}\">\n\t\t\t\t\t<div class=\"e-con-inner\">\n\t\t\t\t\t<\/div>\n\t\t\t\t<\/div>\n\t\t\t\t<\/div>\n\t\t","protected":false},"excerpt":{"rendered":"<p>Anreise. Back Outlet Orari Arrivare Parcheggi Servizi Das Brenner Outlet erwartet dich am Brennerpass \u2013 direkt an der Grenze zwischen Italien und \u00d6sterreich, auf 1.370 Metern H\u00f6he im Herzen der Alpen. Ein einzigartiger Treffpunkt zweier Kulturen \u2013 ideal f\u00fcr Reisende aus dem Norden oder S\u00fcden. Ob mit dem Auto, dem Zug oder dem Bus: Die [&hellip;]<\/p>\n","protected":false},"author":2,"featured_media":0,"parent":0,"menu_order":0,"comment_status":"closed","ping_status":"closed","template":"","meta":{"_acf_changed":false,"footnotes":""},"class_list":["post-12608","page","type-page","status-publish","hentry"],"acf":[],"publishpress_future_action":{"enabled":false,"date":"2026-05-08 02:37:53","action":"change-status","newStatus":"draft","terms":[],"taxonomy":"translation_priority"},"publishpress_future_workflow_manual_trigger":{"enabledWorkflows":[]},"_links":{"self":[{"href":"https:\/\/brenneroutlet.com\/de\/wp-json\/wp\/v2\/pages\/12608","targetHints":{"allow":["GET"]}}],"collection":[{"href":"https:\/\/brenneroutlet.com\/de\/wp-json\/wp\/v2\/pages"}],"about":[{"href":"https:\/\/brenneroutlet.com\/de\/wp-json\/wp\/v2\/types\/page"}],"author":[{"embeddable":true,"href":"https:\/\/brenneroutlet.com\/de\/wp-json\/wp\/v2\/users\/2"}],"replies":[{"embeddable":true,"href":"https:\/\/brenneroutlet.com\/de\/wp-json\/wp\/v2\/comments?post=12608"}],"version-history":[{"count":17,"href":"https:\/\/brenneroutlet.com\/de\/wp-json\/wp\/v2\/pages\/12608\/revisions"}],"predecessor-version":[{"id":15091,"href":"https:\/\/brenneroutlet.com\/de\/wp-json\/wp\/v2\/pages\/12608\/revisions\/15091"}],"wp:attachment":[{"href":"https:\/\/brenneroutlet.com\/de\/wp-json\/wp\/v2\/media?parent=12608"}],"curies":[{"name":"wp","href":"https:\/\/api.w.org\/{rel}","templated":true}]}}